{"id":991,"date":"2025-05-11T13:56:31","date_gmt":"2025-05-11T11:56:31","guid":{"rendered":"https:\/\/ardwoodcreations.fr\/?post_type=product&#038;p=991"},"modified":"2025-11-02T12:14:14","modified_gmt":"2025-11-02T11:14:14","slug":"stylo-java-click-bille-racine-de-thuya","status":"publish","type":"product","link":"https:\/\/ardwoodcreations.fr\/en\/product\/stylo-java-click-bille-racine-de-thuya\/","title":{"rendered":"stylo Java click bille racine de thuya"},"content":{"rendered":"<p>stylo Java click bille racine de thuya<\/p>\n<p>tourn\u00e9 dans mon atelier dans les Ardennes (08).<\/p>\n<p>m\u00e9canisme Java click (10,75mm) made in Ta\u00efwan (= tr\u00e8s bonne qualit\u00e9)<\/p>\n<p>type de cartouche : Parker<\/p>\n<p>finition huile et gomme laque<\/p>\n<p>frais de port offerts pour la France m\u00e9tropolitaine<\/p>","protected":false},"excerpt":{"rendered":"<p>stylo Java click bille racine de thuya<\/p>\n<p>tourn\u00e9 dans mon atelier dans les Ardennes (08).<\/p>","protected":false},"featured_media":992,"template":"","meta":{"_kad_post_transparent":"default","_kad_post_title":"","_kad_post_layout":"default","_kad_post_sidebar_id":"","_kad_post_content_style":"default","_kad_post_vertical_padding":"default","_kad_post_feature":"","_kad_post_feature_position":"","_kad_post_header":false,"_kad_post_footer":false,"_kad_post_classname":""},"product_brand":[],"product_cat":[23],"product_tag":[],"class_list":{"0":"post-991","1":"product","2":"type-product","3":"status-publish","4":"has-post-thumbnail","6":"product_cat-stylo","8":"first","9":"instock","10":"sale","11":"shipping-taxable","12":"purchasable","13":"product-type-simple","14":"entry","15":"content-bg","16":"loop-entry"},"_links":{"self":[{"href":"https:\/\/ardwoodcreations.fr\/en\/wp-json\/wp\/v2\/product\/991","targetHints":{"allow":["GET"]}}],"collection":[{"href":"https:\/\/ardwoodcreations.fr\/en\/wp-json\/wp\/v2\/product"}],"about":[{"href":"https:\/\/ardwoodcreations.fr\/en\/wp-json\/wp\/v2\/types\/product"}],"wp:featuredmedia":[{"embeddable":true,"href":"https:\/\/ardwoodcreations.fr\/en\/wp-json\/wp\/v2\/media\/992"}],"wp:attachment":[{"href":"https:\/\/ardwoodcreations.fr\/en\/wp-json\/wp\/v2\/media?parent=991"}],"wp:term":[{"taxonomy":"product_brand","embeddable":true,"href":"https:\/\/ardwoodcreations.fr\/en\/wp-json\/wp\/v2\/product_brand?post=991"},{"taxonomy":"product_cat","embeddable":true,"href":"https:\/\/ardwoodcreations.fr\/en\/wp-json\/wp\/v2\/product_cat?post=991"},{"taxonomy":"product_tag","embeddable":true,"href":"https:\/\/ardwoodcreations.fr\/en\/wp-json\/wp\/v2\/product_tag?post=991"}],"curies":[{"name":"wp","href":"https:\/\/api.w.org\/{rel}","templated":true}]}}