{"id":974,"date":"2025-04-18T20:31:02","date_gmt":"2025-04-18T18:31:02","guid":{"rendered":"https:\/\/ardwoodcreations.fr\/?post_type=product&#038;p=974"},"modified":"2026-03-22T12:13:18","modified_gmt":"2026-03-22T11:13:18","slug":"grand-bol-segmente-ouvert","status":"publish","type":"product","link":"https:\/\/ardwoodcreations.fr\/en\/product\/grand-bol-segmente-ouvert\/","title":{"rendered":"grand bol segment\u00e9 ouvert"},"content":{"rendered":"<p>grand bol segment\u00e9 ouvert en \u00e9rable, merisier, noyer et padouk.<\/p>\n<p>tourn\u00e9 dans mon atelier dans les Ardennes (08).<\/p>\n<p>La vid\u00e9o de la fabrication de cette pi\u00e8ce est sur ma cha\u00eene Youtube ici.<\/p>\n<p>dimensions<\/p>\n<p>diam\u00e8tre 25cm<\/p>\n<p>hauteur 10,5cm<\/p>\n<p>poids 0,400kg<\/p>\n<p>produit de finition : huile de tung uniquement<\/p>","protected":false},"excerpt":{"rendered":"<p>grand bol segment\u00e9 ouvert en \u00e9rable, merisier, noyer et padouk.<\/p>\n<p>tourn\u00e9 dans mon atelier dans les Ardennes (08).<\/p>","protected":false},"featured_media":975,"template":"","meta":{"_kad_post_transparent":"default","_kad_post_title":"","_kad_post_layout":"default","_kad_post_sidebar_id":"","_kad_post_content_style":"default","_kad_post_vertical_padding":"default","_kad_post_feature":"","_kad_post_feature_position":"","_kad_post_header":false,"_kad_post_footer":false,"_kad_post_classname":""},"product_brand":[],"product_cat":[22,18,17],"product_tag":[],"class_list":{"0":"post-974","1":"product","2":"type-product","3":"status-publish","4":"has-post-thumbnail","6":"product_cat-segmente","7":"product_cat-bol","8":"product_cat-non-classe","10":"first","11":"instock","12":"sale","13":"shipping-taxable","14":"purchasable","15":"product-type-simple","16":"entry","17":"content-bg","18":"loop-entry"},"_links":{"self":[{"href":"https:\/\/ardwoodcreations.fr\/en\/wp-json\/wp\/v2\/product\/974","targetHints":{"allow":["GET"]}}],"collection":[{"href":"https:\/\/ardwoodcreations.fr\/en\/wp-json\/wp\/v2\/product"}],"about":[{"href":"https:\/\/ardwoodcreations.fr\/en\/wp-json\/wp\/v2\/types\/product"}],"wp:featuredmedia":[{"embeddable":true,"href":"https:\/\/ardwoodcreations.fr\/en\/wp-json\/wp\/v2\/media\/975"}],"wp:attachment":[{"href":"https:\/\/ardwoodcreations.fr\/en\/wp-json\/wp\/v2\/media?parent=974"}],"wp:term":[{"taxonomy":"product_brand","embeddable":true,"href":"https:\/\/ardwoodcreations.fr\/en\/wp-json\/wp\/v2\/product_brand?post=974"},{"taxonomy":"product_cat","embeddable":true,"href":"https:\/\/ardwoodcreations.fr\/en\/wp-json\/wp\/v2\/product_cat?post=974"},{"taxonomy":"product_tag","embeddable":true,"href":"https:\/\/ardwoodcreations.fr\/en\/wp-json\/wp\/v2\/product_tag?post=974"}],"curies":[{"name":"wp","href":"https:\/\/api.w.org\/{rel}","templated":true}]}}