{"id":967,"date":"2025-04-13T20:57:07","date_gmt":"2025-04-13T18:57:07","guid":{"rendered":"https:\/\/ardwoodcreations.fr\/?post_type=product&#038;p=967"},"modified":"2026-03-22T12:14:47","modified_gmt":"2026-03-22T11:14:47","slug":"vase-segmente-zig-zag","status":"publish","type":"product","link":"https:\/\/ardwoodcreations.fr\/en\/product\/vase-segmente-zig-zag\/","title":{"rendered":"vase segment\u00e9 zig zag"},"content":{"rendered":"<p>vase segment\u00e9 zig zag en ch\u00eane, sipo, \u00e9rable et noyer.<\/p>\n<p>tourn\u00e9 dans mon atelier dans les Ardennes (08).<\/p>\n<p>La vid\u00e9o de la fabrication de cette pi\u00e8ce est sur ma cha\u00eene Youtube <a href=\"https:\/\/www.youtube.com\/watch?v=_QS3H2aTktc\" target=\"_blank\" rel=\"noopener\">ici<\/a>.<\/p>\n<p>Voici un aper\u00e7u :<\/p>\n<div style=\"width: 1290px;\" class=\"wp-video\"><video class=\"wp-video-shortcode\" id=\"video-967-1\" width=\"1290\" height=\"726\" preload=\"metadata\" controls=\"controls\"><source type=\"video\/mp4\" src=\"https:\/\/ardwoodcreations.fr\/wp-content\/uploads\/2025\/04\/P1020001.mp4?_=1\" \/><a href=\"https:\/\/ardwoodcreations.fr\/wp-content\/uploads\/2025\/04\/P1020001.mp4\">https:\/\/ardwoodcreations.fr\/wp-content\/uploads\/2025\/04\/P1020001.mp4<\/a><\/video><\/div>\n<p>dimensions :<\/p>\n<p>diam\u00e8tre 19cm<\/p>\n<p>hauteur 18,5cm<\/p>\n<p>poids 0,820kg<\/p>\n<p>&nbsp;<\/p>","protected":false},"excerpt":{"rendered":"<p>vase segment\u00e9 zig zag en ch\u00eane, sipo, \u00e9rable et noyer.<\/p>\n<p>tourn\u00e9 dans mon atelier dans les Ardennes (08).<\/p>","protected":false},"featured_media":1211,"template":"","meta":{"_kad_post_transparent":"default","_kad_post_title":"","_kad_post_layout":"default","_kad_post_sidebar_id":"","_kad_post_content_style":"default","_kad_post_vertical_padding":"default","_kad_post_feature":"","_kad_post_feature_position":"","_kad_post_header":false,"_kad_post_footer":false,"_kad_post_classname":""},"product_brand":[],"product_cat":[22,17,20],"product_tag":[],"class_list":{"0":"post-967","1":"product","2":"type-product","3":"status-publish","4":"has-post-thumbnail","6":"product_cat-segmente","7":"product_cat-non-classe","8":"product_cat-vase","10":"first","11":"instock","12":"sale","13":"shipping-taxable","14":"purchasable","15":"product-type-simple","16":"entry","17":"content-bg","18":"loop-entry"},"_links":{"self":[{"href":"https:\/\/ardwoodcreations.fr\/en\/wp-json\/wp\/v2\/product\/967","targetHints":{"allow":["GET"]}}],"collection":[{"href":"https:\/\/ardwoodcreations.fr\/en\/wp-json\/wp\/v2\/product"}],"about":[{"href":"https:\/\/ardwoodcreations.fr\/en\/wp-json\/wp\/v2\/types\/product"}],"wp:featuredmedia":[{"embeddable":true,"href":"https:\/\/ardwoodcreations.fr\/en\/wp-json\/wp\/v2\/media\/1211"}],"wp:attachment":[{"href":"https:\/\/ardwoodcreations.fr\/en\/wp-json\/wp\/v2\/media?parent=967"}],"wp:term":[{"taxonomy":"product_brand","embeddable":true,"href":"https:\/\/ardwoodcreations.fr\/en\/wp-json\/wp\/v2\/product_brand?post=967"},{"taxonomy":"product_cat","embeddable":true,"href":"https:\/\/ardwoodcreations.fr\/en\/wp-json\/wp\/v2\/product_cat?post=967"},{"taxonomy":"product_tag","embeddable":true,"href":"https:\/\/ardwoodcreations.fr\/en\/wp-json\/wp\/v2\/product_tag?post=967"}],"curies":[{"name":"wp","href":"https:\/\/api.w.org\/{rel}","templated":true}]}}