{"id":951,"date":"2025-04-12T21:03:03","date_gmt":"2025-04-12T19:03:03","guid":{"rendered":"https:\/\/ardwoodcreations.fr\/?post_type=product&#038;p=951"},"modified":"2025-08-24T14:05:04","modified_gmt":"2025-08-24T12:05:04","slug":"forme-creuse-en-noyer","status":"publish","type":"product","link":"https:\/\/ardwoodcreations.fr\/en\/product\/forme-creuse-en-noyer\/","title":{"rendered":"Forme creuse en noyer"},"content":{"rendered":"<p>Forme creuse en noyer.<\/p>\n<p>L&rsquo;arbre vient de l\u2019Aisne (02), il a \u00e9t\u00e9 coup\u00e9 en d\u00e9cembre 2020 et tourn\u00e9 dans mon atelier en d\u00e9cembre 2024.<\/p>\n<p>Vous pouvez regarder le tournage de cette pi\u00e8ce sur ma cha\u00eene Youtube <a href=\"https:\/\/www.youtube.com\/watch?v=nl5pgrl_-xU\" target=\"_blank\" rel=\"noopener\">ici<\/a>.<\/p>\n<p>dimensions :<\/p>\n<p>diam\u00e8tre 22,5cm<\/p>\n<p>hauteur 12,5cm<\/p>\n<p>poids 1,250kg<\/p>","protected":false},"excerpt":{"rendered":"<p>Forme creuse en noyer.<\/p>\n<p>L&rsquo;arbre vient de l\u2019Aisne (02), il a \u00e9t\u00e9 coup\u00e9 en d\u00e9cembre 2020 et tourn\u00e9 dans mon atelier en d\u00e9cembre 2024.<\/p>","protected":false},"featured_media":952,"template":"","meta":{"_kad_post_transparent":"default","_kad_post_title":"","_kad_post_layout":"default","_kad_post_sidebar_id":"","_kad_post_content_style":"default","_kad_post_vertical_padding":"default","_kad_post_feature":"","_kad_post_feature_position":"","_kad_post_header":false,"_kad_post_footer":false,"_kad_post_classname":""},"product_brand":[],"product_cat":[20,18,17],"product_tag":[],"class_list":{"0":"post-951","1":"product","2":"type-product","3":"status-publish","4":"has-post-thumbnail","6":"product_cat-vase","7":"product_cat-bol","8":"product_cat-non-classe","10":"first","11":"instock","12":"sale","13":"shipping-taxable","14":"purchasable","15":"product-type-simple","16":"entry","17":"content-bg","18":"loop-entry"},"_links":{"self":[{"href":"https:\/\/ardwoodcreations.fr\/en\/wp-json\/wp\/v2\/product\/951","targetHints":{"allow":["GET"]}}],"collection":[{"href":"https:\/\/ardwoodcreations.fr\/en\/wp-json\/wp\/v2\/product"}],"about":[{"href":"https:\/\/ardwoodcreations.fr\/en\/wp-json\/wp\/v2\/types\/product"}],"wp:featuredmedia":[{"embeddable":true,"href":"https:\/\/ardwoodcreations.fr\/en\/wp-json\/wp\/v2\/media\/952"}],"wp:attachment":[{"href":"https:\/\/ardwoodcreations.fr\/en\/wp-json\/wp\/v2\/media?parent=951"}],"wp:term":[{"taxonomy":"product_brand","embeddable":true,"href":"https:\/\/ardwoodcreations.fr\/en\/wp-json\/wp\/v2\/product_brand?post=951"},{"taxonomy":"product_cat","embeddable":true,"href":"https:\/\/ardwoodcreations.fr\/en\/wp-json\/wp\/v2\/product_cat?post=951"},{"taxonomy":"product_tag","embeddable":true,"href":"https:\/\/ardwoodcreations.fr\/en\/wp-json\/wp\/v2\/product_tag?post=951"}],"curies":[{"name":"wp","href":"https:\/\/api.w.org\/{rel}","templated":true}]}}