{"id":944,"date":"2025-04-12T20:41:56","date_gmt":"2025-04-12T18:41:56","guid":{"rendered":"https:\/\/ardwoodcreations.fr\/?post_type=product&#038;p=944"},"modified":"2025-12-13T09:54:29","modified_gmt":"2025-12-13T08:54:29","slug":"bol-excentre-lune-noire","status":"publish","type":"product","link":"https:\/\/ardwoodcreations.fr\/en\/product\/bol-excentre-lune-noire\/","title":{"rendered":"bol excentr\u00e9 Lune Noire"},"content":{"rendered":"<p>bol excentr\u00e9 Lune Noire en \u00e9rable, ext\u00e9rieur sculpt\u00e9.<\/p>\n<p>tourn\u00e9 dans mon atelier dans les Ardennes.<\/p>\n<p>Vous pouvez regarder le tournage de cette pi\u00e8ce sur ma cha\u00eene Youtube <a href=\"https:\/\/www.youtube.com\/watch?v=x0F_T6DVLjo\" target=\"_blank\" rel=\"noopener\">ici.<\/a><\/p>\n<p>dimensions :<\/p>\n<p>diam\u00e8tre 19,5cm<\/p>\n<p>hauteur 5cm<\/p>\n<p>poids 0,5kg<\/p>","protected":false},"excerpt":{"rendered":"<p>bol excentr\u00e9 Lune Noire en \u00e9rable, ext\u00e9rieur sculpt\u00e9.<\/p>\n<p>tourn\u00e9 dans mon atelier dans les Ardennes.<\/p>","protected":false},"featured_media":945,"template":"","meta":{"_kad_post_transparent":"default","_kad_post_title":"","_kad_post_layout":"default","_kad_post_sidebar_id":"","_kad_post_content_style":"default","_kad_post_vertical_padding":"default","_kad_post_feature":"","_kad_post_feature_position":"","_kad_post_header":false,"_kad_post_footer":false,"_kad_post_classname":""},"product_brand":[],"product_cat":[17,18],"product_tag":[],"class_list":{"0":"post-944","1":"product","2":"type-product","3":"status-publish","4":"has-post-thumbnail","6":"product_cat-non-classe","7":"product_cat-bol","9":"first","10":"instock","11":"sale","12":"shipping-taxable","13":"purchasable","14":"product-type-simple","15":"entry","16":"content-bg","17":"loop-entry"},"_links":{"self":[{"href":"https:\/\/ardwoodcreations.fr\/en\/wp-json\/wp\/v2\/product\/944","targetHints":{"allow":["GET"]}}],"collection":[{"href":"https:\/\/ardwoodcreations.fr\/en\/wp-json\/wp\/v2\/product"}],"about":[{"href":"https:\/\/ardwoodcreations.fr\/en\/wp-json\/wp\/v2\/types\/product"}],"wp:featuredmedia":[{"embeddable":true,"href":"https:\/\/ardwoodcreations.fr\/en\/wp-json\/wp\/v2\/media\/945"}],"wp:attachment":[{"href":"https:\/\/ardwoodcreations.fr\/en\/wp-json\/wp\/v2\/media?parent=944"}],"wp:term":[{"taxonomy":"product_brand","embeddable":true,"href":"https:\/\/ardwoodcreations.fr\/en\/wp-json\/wp\/v2\/product_brand?post=944"},{"taxonomy":"product_cat","embeddable":true,"href":"https:\/\/ardwoodcreations.fr\/en\/wp-json\/wp\/v2\/product_cat?post=944"},{"taxonomy":"product_tag","embeddable":true,"href":"https:\/\/ardwoodcreations.fr\/en\/wp-json\/wp\/v2\/product_tag?post=944"}],"curies":[{"name":"wp","href":"https:\/\/api.w.org\/{rel}","templated":true}]}}