{"id":899,"date":"2023-10-07T15:47:58","date_gmt":"2023-10-07T13:47:58","guid":{"rendered":"https:\/\/ardwoodcreations.fr\/?post_type=product&#038;p=899"},"modified":"2025-04-06T10:55:02","modified_gmt":"2025-04-06T08:55:02","slug":"vase-bicolore-en-sequoia","status":"publish","type":"product","link":"https:\/\/ardwoodcreations.fr\/en\/product\/vase-bicolore-en-sequoia\/","title":{"rendered":"vase bicolore en sequoia"},"content":{"rendered":"<p>vase bicolore en sequoia tourn\u00e9 dans mon atelier dans les Ardennes.<\/p>\n<p>la vid\u00e9o de la r\u00e9alisation de ce vase est disponible sur ma cha\u00eene <a href=\"https:\/\/www.youtube.com\/watch?v=c-qJFmY6p4E\" target=\"_blank\" rel=\"noopener\">Youtube<\/a>.<\/p>\n<p>hauteur: 27,5cm \u00a0 \u00a0 \u00a0 \u00a0 diam\u00e8tre max: 7,8cm<\/p>\n<p>finition \u00e0 l&rsquo;huile de tung, fond dur et cire alimentaire.<\/p>\n<p>Frais de port offerts pour la France M\u00e9tropolitaine.<\/p>","protected":false},"excerpt":{"rendered":"<p>vase bicolore en sequoia tourn\u00e9 dans mon atelier dans les Ardennes.<\/p>\n<p>la vid\u00e9o de la r\u00e9alisation de ce vase est disponible sur ma cha\u00eene <a href=\"https:\/\/www.youtube.com\/watch?v=c-qJFmY6p4E\">Youtube<\/a>.<\/p>","protected":false},"featured_media":904,"template":"","meta":{"_kad_post_transparent":"default","_kad_post_title":"","_kad_post_layout":"default","_kad_post_sidebar_id":"","_kad_post_content_style":"default","_kad_post_vertical_padding":"default","_kad_post_feature":"","_kad_post_feature_position":"","_kad_post_header":false,"_kad_post_footer":false,"_kad_post_classname":""},"product_brand":[],"product_cat":[20,17],"product_tag":[],"class_list":{"0":"post-899","1":"product","2":"type-product","3":"status-publish","4":"has-post-thumbnail","6":"product_cat-vase","7":"product_cat-non-classe","9":"first","10":"instock","11":"shipping-taxable","12":"purchasable","13":"product-type-simple","14":"entry","15":"content-bg","16":"loop-entry"},"_links":{"self":[{"href":"https:\/\/ardwoodcreations.fr\/en\/wp-json\/wp\/v2\/product\/899","targetHints":{"allow":["GET"]}}],"collection":[{"href":"https:\/\/ardwoodcreations.fr\/en\/wp-json\/wp\/v2\/product"}],"about":[{"href":"https:\/\/ardwoodcreations.fr\/en\/wp-json\/wp\/v2\/types\/product"}],"wp:featuredmedia":[{"embeddable":true,"href":"https:\/\/ardwoodcreations.fr\/en\/wp-json\/wp\/v2\/media\/904"}],"wp:attachment":[{"href":"https:\/\/ardwoodcreations.fr\/en\/wp-json\/wp\/v2\/media?parent=899"}],"wp:term":[{"taxonomy":"product_brand","embeddable":true,"href":"https:\/\/ardwoodcreations.fr\/en\/wp-json\/wp\/v2\/product_brand?post=899"},{"taxonomy":"product_cat","embeddable":true,"href":"https:\/\/ardwoodcreations.fr\/en\/wp-json\/wp\/v2\/product_cat?post=899"},{"taxonomy":"product_tag","embeddable":true,"href":"https:\/\/ardwoodcreations.fr\/en\/wp-json\/wp\/v2\/product_tag?post=899"}],"curies":[{"name":"wp","href":"https:\/\/api.w.org\/{rel}","templated":true}]}}