{"id":839,"date":"2023-08-27T11:16:23","date_gmt":"2023-08-27T09:16:23","guid":{"rendered":"https:\/\/ardwoodcreations.fr\/?post_type=product&#038;p=839"},"modified":"2025-11-02T12:16:45","modified_gmt":"2025-11-02T11:16:45","slug":"grand-bol-en-noyer","status":"publish","type":"product","link":"https:\/\/ardwoodcreations.fr\/en\/product\/grand-bol-en-noyer\/","title":{"rendered":"grand bol en noyer"},"content":{"rendered":"<p>grand bol en noyer tourn\u00e9 dans mon atelier dans les Ardennes.<\/p>\n<p>Noyer provenant de l&rsquo;Aisne (02) coup\u00e9 en d\u00e9cembre 2020, tourn\u00e9 une premi\u00e8re fois en ao\u00fbt 2022 pour acc\u00e9l\u00e9rer le s\u00e9chage puis une seconde fois en ao\u00fbt 2023 pour la finition.<\/p>\n<p>la vid\u00e9o de la r\u00e9alisation de ce bol est disponible sur ma cha\u00eene <a href=\"https:\/\/www.youtube.com\/watch?v=O_CUVBIpesA\" target=\"_blank\" rel=\"noopener\">Youtube<\/a>.<\/p>\n<p>dimensions : 28cm de diam\u00e8tre et 12 cm de hauteur<\/p>\n<p>finition \u00e0 l&rsquo;huile de tung, fond dur et cire alimentaire.<\/p>\n<p>frais de port offerts pour la France M\u00e9tropolitaine.<\/p>","protected":false},"excerpt":{"rendered":"<p>grand bol en noyer tourn\u00e9 dans mon atelier dans les Ardennes.<\/p>\n<p>Noyer provenant de l&rsquo;Aisne (02) coup\u00e9 en d\u00e9cembre 2020, tourn\u00e9 une premi\u00e8re fois en ao\u00fbt 2022 pour acc\u00e9l\u00e9rer le s\u00e9chage puis une seconde fois en ao\u00fbt 2023 pour la finition.<\/p>","protected":false},"featured_media":840,"template":"","meta":{"_kad_post_transparent":"default","_kad_post_title":"","_kad_post_layout":"default","_kad_post_sidebar_id":"","_kad_post_content_style":"default","_kad_post_vertical_padding":"default","_kad_post_feature":"","_kad_post_feature_position":"","_kad_post_header":false,"_kad_post_footer":false,"_kad_post_classname":""},"product_brand":[],"product_cat":[18,17],"product_tag":[],"class_list":{"0":"post-839","1":"product","2":"type-product","3":"status-publish","4":"has-post-thumbnail","6":"product_cat-bol","7":"product_cat-non-classe","9":"first","10":"instock","11":"sale","12":"shipping-taxable","13":"purchasable","14":"product-type-simple","15":"entry","16":"content-bg","17":"loop-entry"},"_links":{"self":[{"href":"https:\/\/ardwoodcreations.fr\/en\/wp-json\/wp\/v2\/product\/839","targetHints":{"allow":["GET"]}}],"collection":[{"href":"https:\/\/ardwoodcreations.fr\/en\/wp-json\/wp\/v2\/product"}],"about":[{"href":"https:\/\/ardwoodcreations.fr\/en\/wp-json\/wp\/v2\/types\/product"}],"wp:featuredmedia":[{"embeddable":true,"href":"https:\/\/ardwoodcreations.fr\/en\/wp-json\/wp\/v2\/media\/840"}],"wp:attachment":[{"href":"https:\/\/ardwoodcreations.fr\/en\/wp-json\/wp\/v2\/media?parent=839"}],"wp:term":[{"taxonomy":"product_brand","embeddable":true,"href":"https:\/\/ardwoodcreations.fr\/en\/wp-json\/wp\/v2\/product_brand?post=839"},{"taxonomy":"product_cat","embeddable":true,"href":"https:\/\/ardwoodcreations.fr\/en\/wp-json\/wp\/v2\/product_cat?post=839"},{"taxonomy":"product_tag","embeddable":true,"href":"https:\/\/ardwoodcreations.fr\/en\/wp-json\/wp\/v2\/product_tag?post=839"}],"curies":[{"name":"wp","href":"https:\/\/api.w.org\/{rel}","templated":true}]}}