{"id":824,"date":"2023-08-13T10:35:08","date_gmt":"2023-08-13T08:35:08","guid":{"rendered":"https:\/\/ardwoodcreations.fr\/?post_type=product&#038;p=824"},"modified":"2025-11-02T12:17:03","modified_gmt":"2025-11-02T11:17:03","slug":"coupelle-en-charme-echauffe-et-sipo","status":"publish","type":"product","link":"https:\/\/ardwoodcreations.fr\/en\/product\/coupelle-en-charme-echauffe-et-sipo\/","title":{"rendered":"coupelle en charme \u00e9chauff\u00e9 et sipo"},"content":{"rendered":"<p>coupelle en charme \u00e9chauff\u00e9 et sipo tourn\u00e9e dans mon atelier dans les Ardennes.<\/p>\n<p>vid\u00e9o du tournage de la pi\u00e8ce disponible sur ma cha\u00eene <a href=\"https:\/\/www.youtube.com\/watch?v=Dv1MSjq24mA\" target=\"_blank\" rel=\"noopener\">Youtube<\/a><\/p>\n<p>finition huile de tung, fond dur et cire alimentaire.<\/p>\n<p>diam\u00e8tre : 12,5cm et hauteur : 9,5cm<\/p>\n<p>frais de port offerts pour la France M\u00e9tropolitaine.<\/p>","protected":false},"excerpt":{"rendered":"<p>coupelle en charme \u00e9chauff\u00e9 et sipo tourn\u00e9e dans mon atelier dans les Ardennes.<\/p>\n<p>vid\u00e9o du tournage de la pi\u00e8ce disponible sur ma cha\u00eene <a href=\"https:\/\/www.youtube.com\/watch?v=Dv1MSjq24mA\">Youtube<\/a><\/p>","protected":false},"featured_media":825,"template":"","meta":{"_kad_post_transparent":"default","_kad_post_title":"","_kad_post_layout":"default","_kad_post_sidebar_id":"","_kad_post_content_style":"default","_kad_post_vertical_padding":"default","_kad_post_feature":"","_kad_post_feature_position":"","_kad_post_header":false,"_kad_post_footer":false,"_kad_post_classname":""},"product_brand":[],"product_cat":[18,17],"product_tag":[],"class_list":{"0":"post-824","1":"product","2":"type-product","3":"status-publish","4":"has-post-thumbnail","6":"product_cat-bol","7":"product_cat-non-classe","9":"first","10":"instock","11":"sale","12":"shipping-taxable","13":"purchasable","14":"product-type-simple","15":"entry","16":"content-bg","17":"loop-entry"},"_links":{"self":[{"href":"https:\/\/ardwoodcreations.fr\/en\/wp-json\/wp\/v2\/product\/824","targetHints":{"allow":["GET"]}}],"collection":[{"href":"https:\/\/ardwoodcreations.fr\/en\/wp-json\/wp\/v2\/product"}],"about":[{"href":"https:\/\/ardwoodcreations.fr\/en\/wp-json\/wp\/v2\/types\/product"}],"wp:featuredmedia":[{"embeddable":true,"href":"https:\/\/ardwoodcreations.fr\/en\/wp-json\/wp\/v2\/media\/825"}],"wp:attachment":[{"href":"https:\/\/ardwoodcreations.fr\/en\/wp-json\/wp\/v2\/media?parent=824"}],"wp:term":[{"taxonomy":"product_brand","embeddable":true,"href":"https:\/\/ardwoodcreations.fr\/en\/wp-json\/wp\/v2\/product_brand?post=824"},{"taxonomy":"product_cat","embeddable":true,"href":"https:\/\/ardwoodcreations.fr\/en\/wp-json\/wp\/v2\/product_cat?post=824"},{"taxonomy":"product_tag","embeddable":true,"href":"https:\/\/ardwoodcreations.fr\/en\/wp-json\/wp\/v2\/product_tag?post=824"}],"curies":[{"name":"wp","href":"https:\/\/api.w.org\/{rel}","templated":true}]}}