{"id":804,"date":"2023-07-22T10:29:05","date_gmt":"2023-07-22T08:29:05","guid":{"rendered":"https:\/\/ardwoodcreations.fr\/?post_type=product&#038;p=804"},"modified":"2023-11-28T19:04:16","modified_gmt":"2023-11-28T18:04:16","slug":"bol-en-merisier-et-milliput","status":"publish","type":"product","link":"https:\/\/ardwoodcreations.fr\/en\/product\/bol-en-merisier-et-milliput\/","title":{"rendered":"bol en merisier et milliput"},"content":{"rendered":"<p>bol en merisier et milliput tourn\u00e9 dans mon atelier dans les Ardennes. Le milliput est une p\u00e2te \u00e9poxy.<\/p>\n<p>!!! cette pi\u00e8ce comporte des petits d\u00e9fauts sur le bois\u00a0 (traces, micro rayures) et sur l&rsquo;\u00e9poxy (irr\u00e9gularit\u00e9, poussi\u00e8res) pas forc\u00e9ment visibles sur les photos!!!<\/p>\n<p>une vid\u00e9o de la r\u00e9alisation de ce bol est disponible sur ma cha\u00eene <a href=\"https:\/\/www.youtube.com\/watch?v=jHKyKvSLBIw\" target=\"_blank\" rel=\"noopener\">Youtube<\/a><\/p>\n<p>finition : huile de tung, fondur et cire de carnauba.<\/p>\n<p>diam\u00e8tre : 14,5cm<\/p>\n<p>hauteur : 6cm<\/p>\n<p>poids: 210g<\/p>\n<p>frais de port offerts pour la France M\u00e9tropolitaine.<\/p>","protected":false},"excerpt":{"rendered":"<p>bol en merisier et milliput tourn\u00e9 dans mon atelier dans les Ardennes. Le milliput est une p\u00e2te \u00e9poxy.<\/p>","protected":false},"featured_media":805,"template":"","meta":{"_kad_post_transparent":"default","_kad_post_title":"","_kad_post_layout":"default","_kad_post_sidebar_id":"","_kad_post_content_style":"default","_kad_post_vertical_padding":"default","_kad_post_feature":"","_kad_post_feature_position":"","_kad_post_header":false,"_kad_post_footer":false,"_kad_post_classname":""},"product_brand":[],"product_cat":[18,17],"product_tag":[],"class_list":{"0":"post-804","1":"product","2":"type-product","3":"status-publish","4":"has-post-thumbnail","6":"product_cat-bol","7":"product_cat-non-classe","9":"first","10":"outofstock","11":"shipping-taxable","12":"purchasable","13":"product-type-simple","14":"entry","15":"content-bg","16":"loop-entry"},"_links":{"self":[{"href":"https:\/\/ardwoodcreations.fr\/en\/wp-json\/wp\/v2\/product\/804","targetHints":{"allow":["GET"]}}],"collection":[{"href":"https:\/\/ardwoodcreations.fr\/en\/wp-json\/wp\/v2\/product"}],"about":[{"href":"https:\/\/ardwoodcreations.fr\/en\/wp-json\/wp\/v2\/types\/product"}],"wp:featuredmedia":[{"embeddable":true,"href":"https:\/\/ardwoodcreations.fr\/en\/wp-json\/wp\/v2\/media\/805"}],"wp:attachment":[{"href":"https:\/\/ardwoodcreations.fr\/en\/wp-json\/wp\/v2\/media?parent=804"}],"wp:term":[{"taxonomy":"product_brand","embeddable":true,"href":"https:\/\/ardwoodcreations.fr\/en\/wp-json\/wp\/v2\/product_brand?post=804"},{"taxonomy":"product_cat","embeddable":true,"href":"https:\/\/ardwoodcreations.fr\/en\/wp-json\/wp\/v2\/product_cat?post=804"},{"taxonomy":"product_tag","embeddable":true,"href":"https:\/\/ardwoodcreations.fr\/en\/wp-json\/wp\/v2\/product_tag?post=804"}],"curies":[{"name":"wp","href":"https:\/\/api.w.org\/{rel}","templated":true}]}}