{"id":747,"date":"2023-07-02T10:34:38","date_gmt":"2023-07-02T08:34:38","guid":{"rendered":"https:\/\/ardwoodcreations.fr\/?post_type=product&#038;p=747"},"modified":"2025-05-16T18:50:46","modified_gmt":"2025-05-16T16:50:46","slug":"vase-en-hetre-echauffe","status":"publish","type":"product","link":"https:\/\/ardwoodcreations.fr\/en\/product\/vase-en-hetre-echauffe\/","title":{"rendered":"Vase en h\u00eatre \u00e9chauff\u00e9"},"content":{"rendered":"<p>Vase en h\u00eatre \u00e9chauff\u00e9 tourn\u00e9 et sculpt\u00e9 dans mon atelier dans les Ardennes.<\/p>\n<p>Pied en sipo. Finition naturelle \u00e0 l&rsquo;huile de lin bouillie et gomme laque.<\/p>\n<p>hauteur 22cm, au plus large 12cm, trou pour un insert de 12&#215;3,5cm.<\/p>\n<p>La vid\u00e9o de la r\u00e9alisation de ce vase est disponible sur ma cha\u00eene <a href=\"https:\/\/www.youtube.com\/watch?v=cI8bjeoQBPE\" target=\"_blank\" rel=\"noopener\">Youtube<\/a>.<\/p>\n<p>Frais de port offerts pour la France M\u00e9tropolitaine.<\/p>","protected":false},"excerpt":{"rendered":"<p>Vase en h\u00eatre \u00e9chauff\u00e9 tourn\u00e9 et sculpt\u00e9 dans mon atelier dans les Ardennes.<\/p>\n<p>Pied en sipo. Finition naturelle \u00e0 l&rsquo;huile de lin bouillie et gomme laque.<\/p>\n<p>&nbsp;<\/p>","protected":false},"featured_media":748,"template":"","meta":{"_kad_post_transparent":"default","_kad_post_title":"","_kad_post_layout":"default","_kad_post_sidebar_id":"","_kad_post_content_style":"default","_kad_post_vertical_padding":"default","_kad_post_feature":"","_kad_post_feature_position":"","_kad_post_header":false,"_kad_post_footer":false,"_kad_post_classname":""},"product_brand":[],"product_cat":[20,17],"product_tag":[],"class_list":{"0":"post-747","1":"product","2":"type-product","3":"status-publish","4":"has-post-thumbnail","6":"product_cat-vase","7":"product_cat-non-classe","9":"first","10":"instock","11":"shipping-taxable","12":"purchasable","13":"product-type-simple","14":"entry","15":"content-bg","16":"loop-entry"},"_links":{"self":[{"href":"https:\/\/ardwoodcreations.fr\/en\/wp-json\/wp\/v2\/product\/747","targetHints":{"allow":["GET"]}}],"collection":[{"href":"https:\/\/ardwoodcreations.fr\/en\/wp-json\/wp\/v2\/product"}],"about":[{"href":"https:\/\/ardwoodcreations.fr\/en\/wp-json\/wp\/v2\/types\/product"}],"wp:featuredmedia":[{"embeddable":true,"href":"https:\/\/ardwoodcreations.fr\/en\/wp-json\/wp\/v2\/media\/748"}],"wp:attachment":[{"href":"https:\/\/ardwoodcreations.fr\/en\/wp-json\/wp\/v2\/media?parent=747"}],"wp:term":[{"taxonomy":"product_brand","embeddable":true,"href":"https:\/\/ardwoodcreations.fr\/en\/wp-json\/wp\/v2\/product_brand?post=747"},{"taxonomy":"product_cat","embeddable":true,"href":"https:\/\/ardwoodcreations.fr\/en\/wp-json\/wp\/v2\/product_cat?post=747"},{"taxonomy":"product_tag","embeddable":true,"href":"https:\/\/ardwoodcreations.fr\/en\/wp-json\/wp\/v2\/product_tag?post=747"}],"curies":[{"name":"wp","href":"https:\/\/api.w.org\/{rel}","templated":true}]}}