{"id":650,"date":"2023-04-25T11:44:19","date_gmt":"2023-04-25T09:44:19","guid":{"rendered":"https:\/\/ardwoodcreations.fr\/?post_type=product&#038;p=650"},"modified":"2025-07-26T08:57:35","modified_gmt":"2025-07-26T06:57:35","slug":"stylo-bille-en-peuplier-echauffe","status":"publish","type":"product","link":"https:\/\/ardwoodcreations.fr\/en\/product\/stylo-bille-en-peuplier-echauffe\/","title":{"rendered":"stylo bille en peuplier \u00e9chauff\u00e9"},"content":{"rendered":"<p>stylo bille en peuplier \u00e9chauff\u00e9, fabriqu\u00e9 dans mon atelier dans les Ardennes.<br \/>\nm\u00e9canisme noir 9.5mm de bonne qualit\u00e9.<br \/>\nfinition naturelle: huile de tung, fond dur et cire de carnauba.<\/p>\n<p>livraison offerte en France M\u00e9tropolitaine.<\/p>","protected":false},"excerpt":{"rendered":"<p>stylo bille en peuplier \u00e9chauff\u00e9, fabriqu\u00e9 dans mon atelier dans les Ardennes.<\/p>","protected":false},"featured_media":651,"template":"","meta":{"_kad_post_transparent":"default","_kad_post_title":"","_kad_post_layout":"default","_kad_post_sidebar_id":"","_kad_post_content_style":"default","_kad_post_vertical_padding":"default","_kad_post_feature":"","_kad_post_feature_position":"","_kad_post_header":false,"_kad_post_footer":false,"_kad_post_classname":""},"product_brand":[],"product_cat":[17,23],"product_tag":[],"class_list":{"0":"post-650","1":"product","2":"type-product","3":"status-publish","4":"has-post-thumbnail","6":"product_cat-non-classe","7":"product_cat-stylo","9":"first","10":"instock","11":"sale","12":"shipping-taxable","13":"purchasable","14":"product-type-simple","15":"entry","16":"content-bg","17":"loop-entry"},"_links":{"self":[{"href":"https:\/\/ardwoodcreations.fr\/en\/wp-json\/wp\/v2\/product\/650","targetHints":{"allow":["GET"]}}],"collection":[{"href":"https:\/\/ardwoodcreations.fr\/en\/wp-json\/wp\/v2\/product"}],"about":[{"href":"https:\/\/ardwoodcreations.fr\/en\/wp-json\/wp\/v2\/types\/product"}],"wp:featuredmedia":[{"embeddable":true,"href":"https:\/\/ardwoodcreations.fr\/en\/wp-json\/wp\/v2\/media\/651"}],"wp:attachment":[{"href":"https:\/\/ardwoodcreations.fr\/en\/wp-json\/wp\/v2\/media?parent=650"}],"wp:term":[{"taxonomy":"product_brand","embeddable":true,"href":"https:\/\/ardwoodcreations.fr\/en\/wp-json\/wp\/v2\/product_brand?post=650"},{"taxonomy":"product_cat","embeddable":true,"href":"https:\/\/ardwoodcreations.fr\/en\/wp-json\/wp\/v2\/product_cat?post=650"},{"taxonomy":"product_tag","embeddable":true,"href":"https:\/\/ardwoodcreations.fr\/en\/wp-json\/wp\/v2\/product_tag?post=650"}],"curies":[{"name":"wp","href":"https:\/\/api.w.org\/{rel}","templated":true}]}}