{"id":442,"date":"2022-07-27T14:15:57","date_gmt":"2022-07-27T12:15:57","guid":{"rendered":"https:\/\/ardwoodcreations.fr\/?post_type=product&#038;p=442"},"modified":"2025-11-02T12:17:45","modified_gmt":"2025-11-02T11:17:45","slug":"boite-en-bois-pour-stylo","status":"publish","type":"product","link":"https:\/\/ardwoodcreations.fr\/en\/product\/boite-en-bois-pour-stylo\/","title":{"rendered":"pyramid shaped pen box  1"},"content":{"rendered":"<p>Boite en bois pour stylo de 13,5cm de long en forme de pyramide.<\/p>\n<p>bois utilis\u00e9s h\u00eatre \u00e9chauff\u00e9, noyer, sipo et \u00e9rable.<\/p>\n<p>Fermeture aimants. Finition \u00e0 l&rsquo;huile de lin bouillie et cire alimentaire.<br \/>\nlargeur 9,3cm ; hauteur 5,6cm ; longueur 16cm.<br \/>\nVendu sans stylo. Livraison gratuite en France m\u00e9tropolitaine.<\/p>\n<p>Pyramidal pen box made of spalted beech, walnut, sipo and maple.<br \/>\nFor pens under 5 5\/16 long.<br \/>\nClosing with magnets. Finished with boiled linseed oil and food safe wax.<br \/>\n3 11\/16 wide ; 2 3\/16 high ; 6 5\/16 long.<\/p>","protected":false},"excerpt":{"rendered":"<p>Boite en bois pour stylo de 13,5cm de long en forme de pyramide.<\/p>\n<p>bois utilis\u00e9s h\u00eatre \u00e9chauff\u00e9, noyer, sipo et \u00e9rable.<\/p>\n<p>Livraison gratuite en France m\u00e9tropolitaine.<\/p>","protected":false},"featured_media":432,"template":"","meta":{"_kad_post_transparent":"default","_kad_post_title":"","_kad_post_layout":"default","_kad_post_sidebar_id":"","_kad_post_content_style":"default","_kad_post_vertical_padding":"default","_kad_post_feature":"","_kad_post_feature_position":"","_kad_post_header":false,"_kad_post_footer":false,"_kad_post_classname":""},"product_brand":[],"product_cat":[24,17,23],"product_tag":[],"class_list":{"0":"post-442","1":"product","2":"type-product","3":"status-publish","4":"has-post-thumbnail","6":"product_cat-boite","7":"product_cat-non-classe","8":"product_cat-stylo","10":"first","11":"instock","12":"sale","13":"sold-individually","14":"shipping-taxable","15":"purchasable","16":"product-type-simple","17":"entry","18":"content-bg","19":"loop-entry"},"_links":{"self":[{"href":"https:\/\/ardwoodcreations.fr\/en\/wp-json\/wp\/v2\/product\/442","targetHints":{"allow":["GET"]}}],"collection":[{"href":"https:\/\/ardwoodcreations.fr\/en\/wp-json\/wp\/v2\/product"}],"about":[{"href":"https:\/\/ardwoodcreations.fr\/en\/wp-json\/wp\/v2\/types\/product"}],"wp:featuredmedia":[{"embeddable":true,"href":"https:\/\/ardwoodcreations.fr\/en\/wp-json\/wp\/v2\/media\/432"}],"wp:attachment":[{"href":"https:\/\/ardwoodcreations.fr\/en\/wp-json\/wp\/v2\/media?parent=442"}],"wp:term":[{"taxonomy":"product_brand","embeddable":true,"href":"https:\/\/ardwoodcreations.fr\/en\/wp-json\/wp\/v2\/product_brand?post=442"},{"taxonomy":"product_cat","embeddable":true,"href":"https:\/\/ardwoodcreations.fr\/en\/wp-json\/wp\/v2\/product_cat?post=442"},{"taxonomy":"product_tag","embeddable":true,"href":"https:\/\/ardwoodcreations.fr\/en\/wp-json\/wp\/v2\/product_tag?post=442"}],"curies":[{"name":"wp","href":"https:\/\/api.w.org\/{rel}","templated":true}]}}