{"id":431,"date":"2022-07-27T13:02:48","date_gmt":"2022-07-27T11:02:48","guid":{"rendered":"https:\/\/ardwoodcreations.fr\/?post_type=product&#038;p=431"},"modified":"2025-12-13T09:55:56","modified_gmt":"2025-12-13T08:55:56","slug":"vase-segmente-noyer","status":"publish","type":"product","link":"https:\/\/ardwoodcreations.fr\/en\/product\/vase-segmente-noyer\/","title":{"rendered":"walnut brick wall segmented vessel 14cm"},"content":{"rendered":"<p>vase segment\u00e9 noyer avec un effet mur de briques tourn\u00e9 dans mon atelier dans les Ardennes :<br \/>\nbriques en noyer et joints en placage d&rsquo;\u00e9rable, finition \u00e0 l&rsquo;huile Crimson Guitars et \u00e0 la cire pour contact alimentaire Hampshire Sheen.<br \/>\nhauteur 14,5cm<\/p>\n<p>diam\u00e8tre 14cm<\/p>\n<p>Livraison gratuite en France m\u00e9tropolitaine<\/p>","protected":false},"excerpt":{"rendered":"<p>vase segment\u00e9 noyer avec un effet mur de briques tourn\u00e9 dans mon atelier dans les Ardennes :<\/p>\n<p>hauteur 14,5cm<\/p>\n<p>Livraison gratuite en France m\u00e9tropolitaine<\/p>","protected":false},"featured_media":427,"template":"","meta":{"_kad_post_transparent":"default","_kad_post_title":"","_kad_post_layout":"default","_kad_post_sidebar_id":"","_kad_post_content_style":"default","_kad_post_vertical_padding":"default","_kad_post_feature":"","_kad_post_feature_position":"","_kad_post_header":false,"_kad_post_footer":false,"_kad_post_classname":""},"product_brand":[],"product_cat":[17,22,20],"product_tag":[],"class_list":{"0":"post-431","1":"product","2":"type-product","3":"status-publish","4":"has-post-thumbnail","6":"product_cat-non-classe","7":"product_cat-segmente","8":"product_cat-vase","10":"first","11":"instock","12":"sale","13":"featured","14":"sold-individually","15":"shipping-taxable","16":"purchasable","17":"product-type-simple","18":"entry","19":"content-bg","20":"loop-entry"},"_links":{"self":[{"href":"https:\/\/ardwoodcreations.fr\/en\/wp-json\/wp\/v2\/product\/431","targetHints":{"allow":["GET"]}}],"collection":[{"href":"https:\/\/ardwoodcreations.fr\/en\/wp-json\/wp\/v2\/product"}],"about":[{"href":"https:\/\/ardwoodcreations.fr\/en\/wp-json\/wp\/v2\/types\/product"}],"wp:featuredmedia":[{"embeddable":true,"href":"https:\/\/ardwoodcreations.fr\/en\/wp-json\/wp\/v2\/media\/427"}],"wp:attachment":[{"href":"https:\/\/ardwoodcreations.fr\/en\/wp-json\/wp\/v2\/media?parent=431"}],"wp:term":[{"taxonomy":"product_brand","embeddable":true,"href":"https:\/\/ardwoodcreations.fr\/en\/wp-json\/wp\/v2\/product_brand?post=431"},{"taxonomy":"product_cat","embeddable":true,"href":"https:\/\/ardwoodcreations.fr\/en\/wp-json\/wp\/v2\/product_cat?post=431"},{"taxonomy":"product_tag","embeddable":true,"href":"https:\/\/ardwoodcreations.fr\/en\/wp-json\/wp\/v2\/product_tag?post=431"}],"curies":[{"name":"wp","href":"https:\/\/api.w.org\/{rel}","templated":true}]}}