{"id":417,"date":"2022-07-27T11:39:53","date_gmt":"2022-07-27T09:39:53","guid":{"rendered":"https:\/\/ardwoodcreations.fr\/?post_type=product&#038;p=417"},"modified":"2025-11-02T12:18:48","modified_gmt":"2025-11-02T11:18:48","slug":"bol-carre-en-hetre-echauffe","status":"publish","type":"product","link":"https:\/\/ardwoodcreations.fr\/en\/product\/bol-carre-en-hetre-echauffe\/","title":{"rendered":"spalted beech square bowl 15cm"},"content":{"rendered":"<p>bol carr\u00e9 en h\u00eatre \u00e9chauff\u00e9 tourn\u00e9 dans mon atelier dans les Ardennes, celui-ci est tr\u00e8s \u00e9chauff\u00e9 et fendu, une fente court sur la moiti\u00e9 du bol et on voit au travers mais le bois est sec et stable. Toutes les fentes ont \u00e9t\u00e9 trait\u00e9es avec de la colle cyano. Finition \u00e0 l&rsquo;huile de lin bouillie + gomme laque, bouche-pore cellulose, cire alimentaire Hampshire Sheen. Livraison gratuite en France m\u00e9tropolitaine.<br \/>\nlargeur 15,5cm<br \/>\ndiam\u00e8tre int\u00e9rieur 12,5cm<br \/>\nhauteur 6cm<\/p>\n<p>Spalted beech square bowls turned in my workshop in the North-East of France, this\u00a0 one is quite punky and has several cracks, one runs across half of the bowl and you can see through it but the wood is dry and stable. All the cracks have been taken care of with CA glue. Finished with boiled liseed oil + shellac, cellulose sanding sealer, Hampshire Sheen Food Safe wax.<br \/>\n6 1\/8 inches wide<br \/>\ninternal diameter 4 7\/8 inches<br \/>\n2 3\/8 inches high<\/p>","protected":false},"excerpt":{"rendered":"<p>bol carr\u00e9 en h\u00eatre \u00e9chauff\u00e9 tourn\u00e9 dans mon atelier dans les Ardennes, celui-ci est tr\u00e8s \u00e9chauff\u00e9 et fendu.<\/p>\n<p>largeur 15,5cm<br \/>\ndiam\u00e8tre int\u00e9rieur 12,5cm<br \/>\nhauteur 6cm<\/p>","protected":false},"featured_media":413,"template":"","meta":{"_kad_post_transparent":"default","_kad_post_title":"","_kad_post_layout":"default","_kad_post_sidebar_id":"","_kad_post_content_style":"default","_kad_post_vertical_padding":"default","_kad_post_feature":"","_kad_post_feature_position":"","_kad_post_header":false,"_kad_post_footer":false,"_kad_post_classname":""},"product_brand":[],"product_cat":[17,18],"product_tag":[],"class_list":{"0":"post-417","1":"product","2":"type-product","3":"status-publish","4":"has-post-thumbnail","6":"product_cat-non-classe","7":"product_cat-bol","9":"first","10":"instock","11":"sale","12":"sold-individually","13":"shipping-taxable","14":"purchasable","15":"product-type-simple","16":"entry","17":"content-bg","18":"loop-entry"},"_links":{"self":[{"href":"https:\/\/ardwoodcreations.fr\/en\/wp-json\/wp\/v2\/product\/417","targetHints":{"allow":["GET"]}}],"collection":[{"href":"https:\/\/ardwoodcreations.fr\/en\/wp-json\/wp\/v2\/product"}],"about":[{"href":"https:\/\/ardwoodcreations.fr\/en\/wp-json\/wp\/v2\/types\/product"}],"wp:featuredmedia":[{"embeddable":true,"href":"https:\/\/ardwoodcreations.fr\/en\/wp-json\/wp\/v2\/media\/413"}],"wp:attachment":[{"href":"https:\/\/ardwoodcreations.fr\/en\/wp-json\/wp\/v2\/media?parent=417"}],"wp:term":[{"taxonomy":"product_brand","embeddable":true,"href":"https:\/\/ardwoodcreations.fr\/en\/wp-json\/wp\/v2\/product_brand?post=417"},{"taxonomy":"product_cat","embeddable":true,"href":"https:\/\/ardwoodcreations.fr\/en\/wp-json\/wp\/v2\/product_cat?post=417"},{"taxonomy":"product_tag","embeddable":true,"href":"https:\/\/ardwoodcreations.fr\/en\/wp-json\/wp\/v2\/product_tag?post=417"}],"curies":[{"name":"wp","href":"https:\/\/api.w.org\/{rel}","templated":true}]}}