{"id":354,"date":"2022-07-25T17:56:44","date_gmt":"2022-07-25T15:56:44","guid":{"rendered":"https:\/\/ardwoodcreations.fr\/?post_type=product&#038;p=354"},"modified":"2025-07-26T08:51:59","modified_gmt":"2025-07-26T06:51:59","slug":"bol-en-frene-texture-et-jaspe-rouge","status":"publish","type":"product","link":"https:\/\/ardwoodcreations.fr\/en\/product\/bol-en-frene-texture-et-jaspe-rouge\/","title":{"rendered":"textured ash bowl red jasper rim 24cm"},"content":{"rendered":"<p>bol en fr\u00eane textur\u00e9 et jaspe rouge : bol artisanal en fr\u00eane europ\u00e9en tourn\u00e9 dans mon atelier dans les Ardennes, textur\u00e9 et teint\u00e9 en noir (teinte \u00e0 l&rsquo;eau), incrustation de jaspe rouge concass\u00e9e sur le bord, finition vernis mat.<br \/>\ndiam\u00e8tre 24cm<br \/>\nhauteur 6,5cm<br \/>\npoids 650g, livraison gratuite pour la France m\u00e9tropolitaine<\/p>\n<p>European ash bowl turned in my workshop in France, heavily textured and stained black (water-based stain), inlaid rim with crushed red jasper, mat laquer finish.<br \/>\n9 3\/4 inches diameter<br \/>\n2 9\/16 inches high<br \/>\nweighs 1,43lbs<\/p>","protected":false},"excerpt":{"rendered":"<p>bol en fr\u00eane textur\u00e9 et jaspe rouge : bol en fr\u00eane europ\u00e9en tourn\u00e9 dans mon atelier dans les Ardennes, textur\u00e9 et teint\u00e9 en noir (teinte \u00e0 l&rsquo;eau), incrustation de jaspe rouge concass\u00e9e sur le bord, finition vernis mat.<\/p>","protected":false},"featured_media":289,"template":"","meta":{"_kad_post_transparent":"default","_kad_post_title":"","_kad_post_layout":"default","_kad_post_sidebar_id":"","_kad_post_content_style":"default","_kad_post_vertical_padding":"default","_kad_post_feature":"","_kad_post_feature_position":"","_kad_post_header":false,"_kad_post_footer":false,"_kad_post_classname":""},"product_brand":[],"product_cat":[18,17],"product_tag":[],"class_list":{"0":"post-354","1":"product","2":"type-product","3":"status-publish","4":"has-post-thumbnail","6":"product_cat-bol","7":"product_cat-non-classe","9":"first","10":"instock","11":"sale","12":"shipping-taxable","13":"purchasable","14":"product-type-simple","15":"entry","16":"content-bg","17":"loop-entry"},"_links":{"self":[{"href":"https:\/\/ardwoodcreations.fr\/en\/wp-json\/wp\/v2\/product\/354","targetHints":{"allow":["GET"]}}],"collection":[{"href":"https:\/\/ardwoodcreations.fr\/en\/wp-json\/wp\/v2\/product"}],"about":[{"href":"https:\/\/ardwoodcreations.fr\/en\/wp-json\/wp\/v2\/types\/product"}],"wp:featuredmedia":[{"embeddable":true,"href":"https:\/\/ardwoodcreations.fr\/en\/wp-json\/wp\/v2\/media\/289"}],"wp:attachment":[{"href":"https:\/\/ardwoodcreations.fr\/en\/wp-json\/wp\/v2\/media?parent=354"}],"wp:term":[{"taxonomy":"product_brand","embeddable":true,"href":"https:\/\/ardwoodcreations.fr\/en\/wp-json\/wp\/v2\/product_brand?post=354"},{"taxonomy":"product_cat","embeddable":true,"href":"https:\/\/ardwoodcreations.fr\/en\/wp-json\/wp\/v2\/product_cat?post=354"},{"taxonomy":"product_tag","embeddable":true,"href":"https:\/\/ardwoodcreations.fr\/en\/wp-json\/wp\/v2\/product_tag?post=354"}],"curies":[{"name":"wp","href":"https:\/\/api.w.org\/{rel}","templated":true}]}}