{"id":343,"date":"2022-07-25T17:20:29","date_gmt":"2022-07-25T15:20:29","guid":{"rendered":"https:\/\/ardwoodcreations.fr\/?post_type=product&#038;p=343"},"modified":"2025-11-02T12:20:21","modified_gmt":"2025-11-02T11:20:21","slug":"plateau-basket-illusion-sennefer","status":"publish","type":"product","link":"https:\/\/ardwoodcreations.fr\/en\/product\/plateau-basket-illusion-sennefer\/","title":{"rendered":"basket illusion platter \"Sennefer\" 31cm"},"content":{"rendered":"<p>plateau basket illusion Sennefer : plateau en tilleul type \u00ab\u00a0basket illusion\u00a0\u00bb ou \u00ab\u00a0pixel art\u00a0\u00bb inspir\u00e9 par les plafonds peints de la tombe de Sennefer TT96, colori\u00e9 \u00e0 l&rsquo;encre de chine.<\/p>\n<p>Plateau en tilleul, pyrograv\u00e9 et colori\u00e9 \u00e0 l&rsquo;encre de chine; r\u00e9alis\u00e9 dans mon atelier dans les Ardennes.<br \/>\nDiam\u00e8tre 31cm<br \/>\n\u00e9paisseur 3,5cm<br \/>\nLivr\u00e9 avec son support en tilleul.<\/p>\n<p>Sennefer, petit provincial, devenu maire de Th\u00e8bes et ami du roi Amenhotep II, dort dans la Vall\u00e9e des Nobles (TT96). Sa tombe, surnomm\u00e9e la tombe aux vignes, surpasse les autres sur le plan artistique. J\u2019ai choisi de m\u2019inspirer des plafonds, ils repr\u00e9sentent la transition entre le monde des vivants et le monde souterrain sur lequel le Ka, l&rsquo;\u00e9nergie vitale, se diffuse. Ici, l\u2019ivresse de la treille de vigne vient rompre la g\u00e9om\u00e9trie d\u2019une vie juste, int\u00e8gre et droite. Le plateau en bois, irr\u00e9gulier comme la pierre, en un cercle parfait \u00e9voque le cycle de la vie et des saisons. Les peintres de sa tombe renaissent \u00e0 chaque visite, \u00e0 chaque mention du nom Sennefer.<\/p>\n<p>Sennefer est aussi le nom d\u2019un grand pr\u00eatre de Ptah, dieu des artisans, des artistes et des architectes.<\/p>\n<p>(read below for a non-automatic translation)<br \/>\nBasket illusion or pixel art basswood platter, beaded, woodburnt and colored in with india ink. I made this piece in my workshop in the North-East of France.<br \/>\n12 1\/4 inches diameter<br \/>\n1 3\/8 inches thickness<br \/>\nShipped with its basswood stand.<\/p>\n<p>Sennefer, who was born in a small town and became Mayor of Thebes and friend with the pharaoh Amenhotep II, sleeps in the Valley of the Nobles (TT96). Nicknamed the tomb of the vineyards, his tomb artisticly surpasses the others. I drew my inspiration from the ceilings, they represent a transition between the world of the living and the underground and a canvas on which the vital force, the \u201cKa\u201d spreads out. Here, the exhilarating wander of the vine disrupts the geometry of a just, honest and righteous life. The wooden texture of the platter is as irregular as stone and the circular shape evokes the cycle of life and of seasons. The tomb\u2019s painters are brought back to life with each visit, each utterance of the name Sennefer.<\/p>\n<p>Sennefer is also the name of a high priest of Ptah, the patron god of craftsmen.<\/p>","protected":false},"excerpt":{"rendered":"<p>plateau basket illusion Sennefer : plateau en tilleul type \u00ab\u00a0basket illusion\u00a0\u00bb ou \u00ab\u00a0pixel art\u00a0\u00bb inspir\u00e9 par les plafonds peints de la tombe de Sennefer TT96, colori\u00e9 \u00e0 l&rsquo;encre de chine.<\/p>\n<p>Plateau en tilleul, pyrograv\u00e9 et colori\u00e9 \u00e0 l&rsquo;encre de chine; r\u00e9alis\u00e9 dans mon atelier dans les Ardennes.<br \/>\nDiam\u00e8tre 31cm<br \/>\n\u00e9paisseur 3,5cm<br \/>\nLivr\u00e9 avec son support en tilleul.<\/p>","protected":false},"featured_media":330,"template":"","meta":{"_kad_post_transparent":"default","_kad_post_title":"","_kad_post_layout":"default","_kad_post_sidebar_id":"","_kad_post_content_style":"default","_kad_post_vertical_padding":"default","_kad_post_feature":"","_kad_post_feature_position":"","_kad_post_header":false,"_kad_post_footer":false,"_kad_post_classname":""},"product_brand":[],"product_cat":[17,19],"product_tag":[],"class_list":{"0":"post-343","1":"product","2":"type-product","3":"status-publish","4":"has-post-thumbnail","6":"product_cat-non-classe","7":"product_cat-plateau","9":"first","10":"instock","11":"sale","12":"featured","13":"sold-individually","14":"shipping-taxable","15":"purchasable","16":"product-type-simple","17":"entry","18":"content-bg","19":"loop-entry"},"_links":{"self":[{"href":"https:\/\/ardwoodcreations.fr\/en\/wp-json\/wp\/v2\/product\/343","targetHints":{"allow":["GET"]}}],"collection":[{"href":"https:\/\/ardwoodcreations.fr\/en\/wp-json\/wp\/v2\/product"}],"about":[{"href":"https:\/\/ardwoodcreations.fr\/en\/wp-json\/wp\/v2\/types\/product"}],"wp:featuredmedia":[{"embeddable":true,"href":"https:\/\/ardwoodcreations.fr\/en\/wp-json\/wp\/v2\/media\/330"}],"wp:attachment":[{"href":"https:\/\/ardwoodcreations.fr\/en\/wp-json\/wp\/v2\/media?parent=343"}],"wp:term":[{"taxonomy":"product_brand","embeddable":true,"href":"https:\/\/ardwoodcreations.fr\/en\/wp-json\/wp\/v2\/product_brand?post=343"},{"taxonomy":"product_cat","embeddable":true,"href":"https:\/\/ardwoodcreations.fr\/en\/wp-json\/wp\/v2\/product_cat?post=343"},{"taxonomy":"product_tag","embeddable":true,"href":"https:\/\/ardwoodcreations.fr\/en\/wp-json\/wp\/v2\/product_tag?post=343"}],"curies":[{"name":"wp","href":"https:\/\/api.w.org\/{rel}","templated":true}]}}