{"id":1288,"date":"2026-04-24T18:55:50","date_gmt":"2026-04-24T16:55:50","guid":{"rendered":"https:\/\/ardwoodcreations.fr\/?post_type=product&#038;p=1288"},"modified":"2026-04-24T18:58:14","modified_gmt":"2026-04-24T16:58:14","slug":"vase-soliflore-en-hetre-echauffe","status":"publish","type":"product","link":"https:\/\/ardwoodcreations.fr\/en\/product\/vase-soliflore-en-hetre-echauffe\/","title":{"rendered":"Vase soliflore en h\u00eatre \u00e9chauff\u00e9"},"content":{"rendered":"<p>Vase soliflore en h\u00eatre \u00e9chauff\u00e9<\/p>\n<p>tourn\u00e9 dans mon atelier dans les Ardennes<\/p>\n<p>la vid\u00e9o de la r\u00e9alisation de ce vase est disponible sur ma cha\u00eene <a href=\"https:\/\/www.youtube.com\/watch?v=v29vyhKmsnA\" target=\"_blank\" rel=\"noopener\">Youtube<\/a><\/p>\n<p>Voici un aper\u00e7u<\/p>\n<div style=\"width: 1290px;\" class=\"wp-video\"><video class=\"wp-video-shortcode\" id=\"video-1288-1\" width=\"1290\" height=\"726\" preload=\"metadata\" controls=\"controls\"><source type=\"video\/mp4\" src=\"https:\/\/ardwoodcreations.fr\/wp-content\/uploads\/2026\/04\/egyptian-art-apercu.mp4?_=1\" \/><a href=\"https:\/\/ardwoodcreations.fr\/wp-content\/uploads\/2026\/04\/egyptian-art-apercu.mp4\">https:\/\/ardwoodcreations.fr\/wp-content\/uploads\/2026\/04\/egyptian-art-apercu.mp4<\/a><\/video><\/div>\n<p>hauteur: 21 cm ; diam\u00e8tre max: 8,5cm<\/p>\n<p>Application d&rsquo;un fond dur cellulose puis finition \u00e0 l\u2019huile de lin et gomme laque.<\/p>\n<p>Frais de port offerts pour la France M\u00e9tropolitaine.<\/p>","protected":false},"excerpt":{"rendered":"<p>Vase soliflore en h\u00eatre \u00e9chauff\u00e9<\/p>\n<p>tourn\u00e9 dans mon atelier dans les Ardennes<\/p>\n<p>la vid\u00e9o de la r\u00e9alisation de ce vase est disponible sur ma cha\u00eene <a href=\"https:\/\/www.youtube.com\/watch?v=v29vyhKmsnA\">Youtube<\/a><\/p>","protected":false},"featured_media":1290,"template":"","meta":{"_kad_post_transparent":"default","_kad_post_title":"","_kad_post_layout":"default","_kad_post_sidebar_id":"","_kad_post_content_style":"default","_kad_post_vertical_padding":"default","_kad_post_feature":"","_kad_post_feature_position":"","_kad_post_header":false,"_kad_post_footer":false,"_kad_post_classname":""},"product_brand":[],"product_cat":[20],"product_tag":[],"class_list":{"0":"post-1288","1":"product","2":"type-product","3":"status-publish","4":"has-post-thumbnail","6":"product_cat-vase","8":"first","9":"instock","10":"shipping-taxable","11":"purchasable","12":"product-type-simple","13":"entry","14":"content-bg","15":"loop-entry"},"_links":{"self":[{"href":"https:\/\/ardwoodcreations.fr\/en\/wp-json\/wp\/v2\/product\/1288","targetHints":{"allow":["GET"]}}],"collection":[{"href":"https:\/\/ardwoodcreations.fr\/en\/wp-json\/wp\/v2\/product"}],"about":[{"href":"https:\/\/ardwoodcreations.fr\/en\/wp-json\/wp\/v2\/types\/product"}],"wp:featuredmedia":[{"embeddable":true,"href":"https:\/\/ardwoodcreations.fr\/en\/wp-json\/wp\/v2\/media\/1290"}],"wp:attachment":[{"href":"https:\/\/ardwoodcreations.fr\/en\/wp-json\/wp\/v2\/media?parent=1288"}],"wp:term":[{"taxonomy":"product_brand","embeddable":true,"href":"https:\/\/ardwoodcreations.fr\/en\/wp-json\/wp\/v2\/product_brand?post=1288"},{"taxonomy":"product_cat","embeddable":true,"href":"https:\/\/ardwoodcreations.fr\/en\/wp-json\/wp\/v2\/product_cat?post=1288"},{"taxonomy":"product_tag","embeddable":true,"href":"https:\/\/ardwoodcreations.fr\/en\/wp-json\/wp\/v2\/product_tag?post=1288"}],"curies":[{"name":"wp","href":"https:\/\/api.w.org\/{rel}","templated":true}]}}