{"id":1268,"date":"2026-03-22T13:55:17","date_gmt":"2026-03-22T12:55:17","guid":{"rendered":"https:\/\/ardwoodcreations.fr\/?post_type=product&#038;p=1268"},"modified":"2026-03-22T13:55:17","modified_gmt":"2026-03-22T12:55:17","slug":"porte-mine-3mm-en-ronce-de-peuplier","status":"publish","type":"product","link":"https:\/\/ardwoodcreations.fr\/en\/product\/porte-mine-3mm-en-ronce-de-peuplier\/","title":{"rendered":"Porte mine 3mm en ronce de peuplier"},"content":{"rendered":"<p>Porte mine 3mm en ronce de peuplier<\/p>\n<p>tourn\u00e9 dans mon atelier dans les Ardennes.<\/p>\n<p>M\u00e9canisme Esquisse (8mm) made in Ta\u00efwan (tr\u00e8s bonne qualit\u00e9).<\/p>\n<p>Mine 3mm de type B aussi bien pour le dessin que pour l&rsquo;\u00e9criture.<\/p>\n<p>finition naturelle \u00e0 l&rsquo;huile et gomme laque<\/p>\n<p>frais de port offerts pour la France m\u00e9tropolitaine<\/p>","protected":false},"excerpt":{"rendered":"<p>Porte mine 3mm en ronce de peuplier<\/p>\n<p>tourn\u00e9 dans mon atelier dans les Ardennes.<\/p>","protected":false},"featured_media":1269,"template":"","meta":{"_kad_post_transparent":"default","_kad_post_title":"","_kad_post_layout":"default","_kad_post_sidebar_id":"","_kad_post_content_style":"default","_kad_post_vertical_padding":"default","_kad_post_feature":"","_kad_post_feature_position":"","_kad_post_header":false,"_kad_post_footer":false,"_kad_post_classname":""},"product_brand":[],"product_cat":[23,17],"product_tag":[],"class_list":{"0":"post-1268","1":"product","2":"type-product","3":"status-publish","4":"has-post-thumbnail","6":"product_cat-stylo","7":"product_cat-non-classe","9":"first","10":"instock","11":"shipping-taxable","12":"purchasable","13":"product-type-simple","14":"entry","15":"content-bg","16":"loop-entry"},"_links":{"self":[{"href":"https:\/\/ardwoodcreations.fr\/en\/wp-json\/wp\/v2\/product\/1268","targetHints":{"allow":["GET"]}}],"collection":[{"href":"https:\/\/ardwoodcreations.fr\/en\/wp-json\/wp\/v2\/product"}],"about":[{"href":"https:\/\/ardwoodcreations.fr\/en\/wp-json\/wp\/v2\/types\/product"}],"wp:featuredmedia":[{"embeddable":true,"href":"https:\/\/ardwoodcreations.fr\/en\/wp-json\/wp\/v2\/media\/1269"}],"wp:attachment":[{"href":"https:\/\/ardwoodcreations.fr\/en\/wp-json\/wp\/v2\/media?parent=1268"}],"wp:term":[{"taxonomy":"product_brand","embeddable":true,"href":"https:\/\/ardwoodcreations.fr\/en\/wp-json\/wp\/v2\/product_brand?post=1268"},{"taxonomy":"product_cat","embeddable":true,"href":"https:\/\/ardwoodcreations.fr\/en\/wp-json\/wp\/v2\/product_cat?post=1268"},{"taxonomy":"product_tag","embeddable":true,"href":"https:\/\/ardwoodcreations.fr\/en\/wp-json\/wp\/v2\/product_tag?post=1268"}],"curies":[{"name":"wp","href":"https:\/\/api.w.org\/{rel}","templated":true}]}}