{"id":1260,"date":"2026-03-22T13:45:29","date_gmt":"2026-03-22T12:45:29","guid":{"rendered":"https:\/\/ardwoodcreations.fr\/?post_type=product&#038;p=1260"},"modified":"2026-03-22T13:45:29","modified_gmt":"2026-03-22T12:45:29","slug":"porte-mine-3mm-en-peuplier-echauffe","status":"publish","type":"product","link":"https:\/\/ardwoodcreations.fr\/en\/product\/porte-mine-3mm-en-peuplier-echauffe\/","title":{"rendered":"Porte mine 3mm en peuplier \u00e9chauff\u00e9"},"content":{"rendered":"<p>Porte mine 3mm en peuplier \u00e9chauff\u00e9<\/p>\n<p>tourn\u00e9 dans mon atelier dans les Ardennes.<\/p>\n<p>M\u00e9canisme Esquisse (8mm) made in Ta\u00efwan (tr\u00e8s bonne qualit\u00e9).<\/p>\n<p>Mine 3mm de type B aussi bien pour le dessin que pour l&rsquo;\u00e9criture.<\/p>\n<p>finition naturelle \u00e0 l&rsquo;huile et gomme laque<\/p>\n<p>frais de port offerts pour la France m\u00e9tropolitaine<\/p>","protected":false},"excerpt":{"rendered":"<p>Porte mine 3mm en peuplier \u00e9chauff\u00e9<\/p>\n<p>tourn\u00e9 dans mon atelier dans les Ardennes.<\/p>\n<p>&nbsp;<\/p>","protected":false},"featured_media":1261,"template":"","meta":{"_kad_post_transparent":"default","_kad_post_title":"","_kad_post_layout":"default","_kad_post_sidebar_id":"","_kad_post_content_style":"default","_kad_post_vertical_padding":"default","_kad_post_feature":"","_kad_post_feature_position":"","_kad_post_header":false,"_kad_post_footer":false,"_kad_post_classname":""},"product_brand":[],"product_cat":[23,17],"product_tag":[],"class_list":{"0":"post-1260","1":"product","2":"type-product","3":"status-publish","4":"has-post-thumbnail","6":"product_cat-stylo","7":"product_cat-non-classe","9":"first","10":"instock","11":"shipping-taxable","12":"purchasable","13":"product-type-simple","14":"entry","15":"content-bg","16":"loop-entry"},"_links":{"self":[{"href":"https:\/\/ardwoodcreations.fr\/en\/wp-json\/wp\/v2\/product\/1260","targetHints":{"allow":["GET"]}}],"collection":[{"href":"https:\/\/ardwoodcreations.fr\/en\/wp-json\/wp\/v2\/product"}],"about":[{"href":"https:\/\/ardwoodcreations.fr\/en\/wp-json\/wp\/v2\/types\/product"}],"wp:featuredmedia":[{"embeddable":true,"href":"https:\/\/ardwoodcreations.fr\/en\/wp-json\/wp\/v2\/media\/1261"}],"wp:attachment":[{"href":"https:\/\/ardwoodcreations.fr\/en\/wp-json\/wp\/v2\/media?parent=1260"}],"wp:term":[{"taxonomy":"product_brand","embeddable":true,"href":"https:\/\/ardwoodcreations.fr\/en\/wp-json\/wp\/v2\/product_brand?post=1260"},{"taxonomy":"product_cat","embeddable":true,"href":"https:\/\/ardwoodcreations.fr\/en\/wp-json\/wp\/v2\/product_cat?post=1260"},{"taxonomy":"product_tag","embeddable":true,"href":"https:\/\/ardwoodcreations.fr\/en\/wp-json\/wp\/v2\/product_tag?post=1260"}],"curies":[{"name":"wp","href":"https:\/\/api.w.org\/{rel}","templated":true}]}}