{"id":1250,"date":"2026-03-22T11:54:39","date_gmt":"2026-03-22T10:54:39","guid":{"rendered":"https:\/\/ardwoodcreations.fr\/?post_type=product&#038;p=1250"},"modified":"2026-03-22T12:04:35","modified_gmt":"2026-03-22T11:04:35","slug":"bol-en-noyer-et-incrustation-de-turquoise-2","status":"publish","type":"product","link":"https:\/\/ardwoodcreations.fr\/en\/product\/bol-en-noyer-et-incrustation-de-turquoise-2\/","title":{"rendered":"Bol en noyer et incrustation de turquoise 2"},"content":{"rendered":"<p>Bol en noyer et incrustation de turquoise 2<\/p>\n<p>Le noyer provient d\u2019un village dans l\u2019Aisne \u00e0 moins de 30km de mon atelier situ\u00e9 dans les Ardennes.<\/p>\n<p>Le tournage s\u2019est fait en 2 \u00e9tapes : un tournage grossier en 2021 alors que le bois \u00e9tait encore vert, puis 4 ans de s\u00e9chage lors duquel le bol se d\u00e9forme et quelques fentes apparaissent, et enfin un second tournage pour affiner les parois et r\u00e9parer les petites imperfections.<\/p>\n<p>J&rsquo;ai utilis\u00e9 de la r\u00e9sine \u00e9poxy pour coller les pierres de turquoise dans le bois<\/p>\n<p>La vid\u00e9o compl\u00e8te du tournage de cette pi\u00e8ce est sur ma cha\u00eene Youtube<\/p>\n<p>Voici un aper\u00e7u<\/p>\n<div style=\"width: 1290px;\" class=\"wp-video\"><video class=\"wp-video-shortcode\" id=\"video-1250-1\" width=\"1290\" height=\"726\" preload=\"metadata\" controls=\"controls\"><source type=\"video\/mp4\" src=\"https:\/\/ardwoodcreations.fr\/wp-content\/uploads\/2026\/03\/turq-rim-apercu.mp4?_=1\" \/><a href=\"https:\/\/ardwoodcreations.fr\/wp-content\/uploads\/2026\/03\/turq-rim-apercu.mp4\">https:\/\/ardwoodcreations.fr\/wp-content\/uploads\/2026\/03\/turq-rim-apercu.mp4<\/a><\/video><\/div>\n<p>dimensions<\/p>\n<p>diam\u00e8tre 26,5cm<\/p>\n<p>hauteur 9,2cm<\/p>\n<p>finition : huile de tung et cire alimentaire<\/p>\n<p>frais de port offerts pour la France M\u00e9tropolitaine. 15\u20ac pour l\u2019UE.<\/p>","protected":false},"excerpt":{"rendered":"<p>Bol en noyer et incrustation de turquoise 2<\/p>\n<p>Le noyer provient d\u2019un village dans l\u2019Aisne \u00e0 moins de 30km de mon atelier situ\u00e9 dans les Ardennes.<\/p>","protected":false},"featured_media":1252,"template":"","meta":{"_kad_post_transparent":"default","_kad_post_title":"","_kad_post_layout":"default","_kad_post_sidebar_id":"","_kad_post_content_style":"default","_kad_post_vertical_padding":"default","_kad_post_feature":"","_kad_post_feature_position":"","_kad_post_header":false,"_kad_post_footer":false,"_kad_post_classname":""},"product_brand":[],"product_cat":[18,17],"product_tag":[],"class_list":{"0":"post-1250","1":"product","2":"type-product","3":"status-publish","4":"has-post-thumbnail","6":"product_cat-bol","7":"product_cat-non-classe","9":"first","10":"instock","11":"shipping-taxable","12":"purchasable","13":"product-type-simple","14":"entry","15":"content-bg","16":"loop-entry"},"_links":{"self":[{"href":"https:\/\/ardwoodcreations.fr\/en\/wp-json\/wp\/v2\/product\/1250","targetHints":{"allow":["GET"]}}],"collection":[{"href":"https:\/\/ardwoodcreations.fr\/en\/wp-json\/wp\/v2\/product"}],"about":[{"href":"https:\/\/ardwoodcreations.fr\/en\/wp-json\/wp\/v2\/types\/product"}],"wp:featuredmedia":[{"embeddable":true,"href":"https:\/\/ardwoodcreations.fr\/en\/wp-json\/wp\/v2\/media\/1252"}],"wp:attachment":[{"href":"https:\/\/ardwoodcreations.fr\/en\/wp-json\/wp\/v2\/media?parent=1250"}],"wp:term":[{"taxonomy":"product_brand","embeddable":true,"href":"https:\/\/ardwoodcreations.fr\/en\/wp-json\/wp\/v2\/product_brand?post=1250"},{"taxonomy":"product_cat","embeddable":true,"href":"https:\/\/ardwoodcreations.fr\/en\/wp-json\/wp\/v2\/product_cat?post=1250"},{"taxonomy":"product_tag","embeddable":true,"href":"https:\/\/ardwoodcreations.fr\/en\/wp-json\/wp\/v2\/product_tag?post=1250"}],"curies":[{"name":"wp","href":"https:\/\/api.w.org\/{rel}","templated":true}]}}