{"id":1231,"date":"2026-02-21T10:48:42","date_gmt":"2026-02-21T09:48:42","guid":{"rendered":"https:\/\/ardwoodcreations.fr\/?post_type=product&#038;p=1231"},"modified":"2026-03-22T12:11:34","modified_gmt":"2026-03-22T11:11:34","slug":"grand-bol-en-noyer-echauffe","status":"publish","type":"product","link":"https:\/\/ardwoodcreations.fr\/en\/product\/grand-bol-en-noyer-echauffe\/","title":{"rendered":"Grand bol en noyer \u00e9chauff\u00e9"},"content":{"rendered":"<p>Grand bol en noyer \u00e9chauff\u00e9<\/p>\n<p>Le noyer provient d&rsquo;un village dans l&rsquo;Aisne \u00e0 moins de 30km de mon atelier situ\u00e9 dans les Ardennes.<\/p>\n<p>Le tournage s&rsquo;est fait en 2 \u00e9tapes : un tournage grossier en 2021 alors que le bois \u00e9tait encore vert, puis 4 ans de s\u00e9chage lors duquel le bol se d\u00e9forme et parfois se fend, et enfin un second tournage pour affiner les parois et r\u00e9parer les petites imperfections.<\/p>\n<p>Ici les fentes ont \u00e9t\u00e9 combl\u00e9es avec de la colle cyano noire.<\/p>\n<p>la vid\u00e9o compl\u00e8te du tournage de cette pi\u00e8ce est sur ma cha\u00eene Youtube <a href=\"https:\/\/www.youtube.com\/watch?v=bGFmhSqIJMA\" target=\"_blank\" rel=\"noopener\">ici<\/a><\/p>\n<p>Voici un aper\u00e7u<\/p>\n<div style=\"width: 1290px;\" class=\"wp-video\"><video class=\"wp-video-shortcode\" id=\"video-1231-1\" width=\"1290\" height=\"726\" preload=\"metadata\" controls=\"controls\"><source type=\"video\/mp4\" src=\"https:\/\/ardwoodcreations.fr\/wp-content\/uploads\/2026\/02\/stormy-apercu.mp4?_=1\" \/><a href=\"https:\/\/ardwoodcreations.fr\/wp-content\/uploads\/2026\/02\/stormy-apercu.mp4\">https:\/\/ardwoodcreations.fr\/wp-content\/uploads\/2026\/02\/stormy-apercu.mp4<\/a><\/video><\/div>\n<p>dimensions<\/p>\n<p>diam\u00e8tre\u00a0 25,5cm<\/p>\n<p>hauteur 10,5cm<\/p>\n<p>finition : huile de tung et cire alimentaire<\/p>\n<p>frais de port offerts pour la France M\u00e9tropolitaine. 15\u20ac pour l\u2019UE.<\/p>","protected":false},"excerpt":{"rendered":"<p>Grand bol en noyer \u00e9chauff\u00e9<\/p>\n<p>Le noyer provient d&rsquo;un village dans l&rsquo;Aisne \u00e0 moins de 30km de mon atelier situ\u00e9 dans les Ardennes.<\/p>\n<p>Le tournage s&rsquo;est fait en 2 \u00e9tapes : un tournage grossier en 2021 alors que le bois \u00e9tait encore vert, puis 4 ans de s\u00e9chage lors duquel le bol se d\u00e9forme et parfois se fend, et enfin un second tournage pour affiner les parois et r\u00e9parer les petites imperfections.<\/p>","protected":false},"featured_media":1233,"template":"","meta":{"_kad_post_transparent":"default","_kad_post_title":"","_kad_post_layout":"default","_kad_post_sidebar_id":"","_kad_post_content_style":"default","_kad_post_vertical_padding":"default","_kad_post_feature":"","_kad_post_feature_position":"","_kad_post_header":false,"_kad_post_footer":false,"_kad_post_classname":""},"product_brand":[],"product_cat":[18],"product_tag":[],"class_list":{"0":"post-1231","1":"product","2":"type-product","3":"status-publish","4":"has-post-thumbnail","6":"product_cat-bol","8":"first","9":"instock","10":"sale","11":"shipping-taxable","12":"purchasable","13":"product-type-simple","14":"entry","15":"content-bg","16":"loop-entry"},"_links":{"self":[{"href":"https:\/\/ardwoodcreations.fr\/en\/wp-json\/wp\/v2\/product\/1231","targetHints":{"allow":["GET"]}}],"collection":[{"href":"https:\/\/ardwoodcreations.fr\/en\/wp-json\/wp\/v2\/product"}],"about":[{"href":"https:\/\/ardwoodcreations.fr\/en\/wp-json\/wp\/v2\/types\/product"}],"wp:featuredmedia":[{"embeddable":true,"href":"https:\/\/ardwoodcreations.fr\/en\/wp-json\/wp\/v2\/media\/1233"}],"wp:attachment":[{"href":"https:\/\/ardwoodcreations.fr\/en\/wp-json\/wp\/v2\/media?parent=1231"}],"wp:term":[{"taxonomy":"product_brand","embeddable":true,"href":"https:\/\/ardwoodcreations.fr\/en\/wp-json\/wp\/v2\/product_brand?post=1231"},{"taxonomy":"product_cat","embeddable":true,"href":"https:\/\/ardwoodcreations.fr\/en\/wp-json\/wp\/v2\/product_cat?post=1231"},{"taxonomy":"product_tag","embeddable":true,"href":"https:\/\/ardwoodcreations.fr\/en\/wp-json\/wp\/v2\/product_tag?post=1231"}],"curies":[{"name":"wp","href":"https:\/\/api.w.org\/{rel}","templated":true}]}}