{"id":1182,"date":"2025-11-08T13:23:21","date_gmt":"2025-11-08T12:23:21","guid":{"rendered":"https:\/\/ardwoodcreations.fr\/?post_type=product&#038;p=1182"},"modified":"2026-03-22T12:08:07","modified_gmt":"2026-03-22T11:08:07","slug":"bol-en-noyer-haut-et-rond","status":"publish","type":"product","link":"https:\/\/ardwoodcreations.fr\/en\/product\/bol-en-noyer-haut-et-rond\/","title":{"rendered":"bol en noyer haut et rond"},"content":{"rendered":"<p>bol en noyer haut et rond<\/p>\n<p>Le noyer provient d\u2019un village dans l\u2019Aisne \u00e0 moins de 30km de mon atelier situ\u00e9 dans les Ardennes.<\/p>\n<p>Le tournage s\u2019est fait en 2 \u00e9tapes : un tournage grossier en 2021 alors que le bois \u00e9tait encore vert, puis 4 ans de s\u00e9chage lors duquel le bol se d\u00e9forme et parfois se fend, et enfin un second tournage pour affiner les parois et r\u00e9parer les petites imperfections.<\/p>\n<p>la vid\u00e9o compl\u00e8te du tournage de cette pi\u00e8ce est sur ma cha\u00eene Youtube <a href=\"https:\/\/www.youtube.com\/watch?v=gue00ZfDb3E\" target=\"_blank\" rel=\"noopener\">ici<\/a><\/p>\n<div style=\"width: 1290px;\" class=\"wp-video\"><video class=\"wp-video-shortcode\" id=\"video-1182-1\" width=\"1290\" height=\"726\" preload=\"metadata\" controls=\"controls\"><source type=\"video\/mp4\" src=\"https:\/\/ardwoodcreations.fr\/wp-content\/uploads\/2025\/11\/P1010603.mp4?_=1\" \/><a href=\"https:\/\/ardwoodcreations.fr\/wp-content\/uploads\/2025\/11\/P1010603.mp4\">https:\/\/ardwoodcreations.fr\/wp-content\/uploads\/2025\/11\/P1010603.mp4<\/a><\/video><\/div>\n<p>dimensions<\/p>\n<p>diam\u00e8tre ouverture 17,5cm<\/p>\n<p>diam\u00e8tre max 23,5cm<\/p>\n<p>hauteur 16cm<\/p>\n<p>finition : huile de tung et cire alimentaire<\/p>\n<p>frais de port offerts pour la France M\u00e9tropolitaine. 15\u20ac pour l&rsquo;UE.<\/p>","protected":false},"excerpt":{"rendered":"<p>bol en noyer haut et rond<\/p>\n<p>Vous pouvez regardez la vid\u00e9o compl\u00e8te du tournage de cette pi\u00e8ce sur ma cha\u00eene Youtube <a href=\"https:\/\/www.youtube.com\/watch?v=gue00ZfDb3E\">ici<\/a><\/p>","protected":false},"featured_media":1184,"template":"","meta":{"_kad_post_transparent":"default","_kad_post_title":"","_kad_post_layout":"default","_kad_post_sidebar_id":"","_kad_post_content_style":"default","_kad_post_vertical_padding":"default","_kad_post_feature":"","_kad_post_feature_position":"","_kad_post_header":false,"_kad_post_footer":false,"_kad_post_classname":""},"product_brand":[],"product_cat":[18,17],"product_tag":[],"class_list":{"0":"post-1182","1":"product","2":"type-product","3":"status-publish","4":"has-post-thumbnail","6":"product_cat-bol","7":"product_cat-non-classe","9":"first","10":"instock","11":"sale","12":"shipping-taxable","13":"purchasable","14":"product-type-simple","15":"entry","16":"content-bg","17":"loop-entry"},"_links":{"self":[{"href":"https:\/\/ardwoodcreations.fr\/en\/wp-json\/wp\/v2\/product\/1182","targetHints":{"allow":["GET"]}}],"collection":[{"href":"https:\/\/ardwoodcreations.fr\/en\/wp-json\/wp\/v2\/product"}],"about":[{"href":"https:\/\/ardwoodcreations.fr\/en\/wp-json\/wp\/v2\/types\/product"}],"wp:featuredmedia":[{"embeddable":true,"href":"https:\/\/ardwoodcreations.fr\/en\/wp-json\/wp\/v2\/media\/1184"}],"wp:attachment":[{"href":"https:\/\/ardwoodcreations.fr\/en\/wp-json\/wp\/v2\/media?parent=1182"}],"wp:term":[{"taxonomy":"product_brand","embeddable":true,"href":"https:\/\/ardwoodcreations.fr\/en\/wp-json\/wp\/v2\/product_brand?post=1182"},{"taxonomy":"product_cat","embeddable":true,"href":"https:\/\/ardwoodcreations.fr\/en\/wp-json\/wp\/v2\/product_cat?post=1182"},{"taxonomy":"product_tag","embeddable":true,"href":"https:\/\/ardwoodcreations.fr\/en\/wp-json\/wp\/v2\/product_tag?post=1182"}],"curies":[{"name":"wp","href":"https:\/\/api.w.org\/{rel}","templated":true}]}}