{"id":1160,"date":"2025-11-02T11:55:51","date_gmt":"2025-11-02T10:55:51","guid":{"rendered":"https:\/\/ardwoodcreations.fr\/?post_type=product&#038;p=1160"},"modified":"2025-12-13T09:50:11","modified_gmt":"2025-12-13T08:50:11","slug":"stylo-bille-en-noyer-clair-et-epoxy-pourpre","status":"publish","type":"product","link":"https:\/\/ardwoodcreations.fr\/en\/product\/stylo-bille-en-noyer-clair-et-epoxy-pourpre\/","title":{"rendered":"stylo bille en noyer clair et \u00e9poxy pourpre"},"content":{"rendered":"<p>stylo bille en noyer clair et \u00e9poxy pourpre (reflets indigo et brun clair)<\/p>\n<p>m\u00e9canisme quart-tournant slimline 7mm made in Ta\u00efwan (= de tr\u00e8s bonne qualit\u00e9).<\/p>\n<p>type de recharge : cross<\/p>\n<p>finition vernis cellulose + gomme laque (Friction Polish)<\/p>\n<p>frais de port offerts pour la France M\u00e9tropolitaine.<\/p>","protected":false},"excerpt":{"rendered":"<p>stylo bille en noyer clair et \u00e9poxy pourpre (reflets indigo et brun clair)<\/p>\n<p>m\u00e9canisme quart-tournant slimline 7mm made in Ta\u00efwan (= de tr\u00e8s bonne qualit\u00e9).<\/p>","protected":false},"featured_media":1161,"template":"","meta":{"_kad_post_transparent":"default","_kad_post_title":"","_kad_post_layout":"default","_kad_post_sidebar_id":"","_kad_post_content_style":"default","_kad_post_vertical_padding":"default","_kad_post_feature":"","_kad_post_feature_position":"","_kad_post_header":false,"_kad_post_footer":false,"_kad_post_classname":""},"product_brand":[],"product_cat":[23,17],"product_tag":[],"class_list":{"0":"post-1160","1":"product","2":"type-product","3":"status-publish","4":"has-post-thumbnail","6":"product_cat-stylo","7":"product_cat-non-classe","9":"first","10":"instock","11":"sale","12":"shipping-taxable","13":"purchasable","14":"product-type-simple","15":"entry","16":"content-bg","17":"loop-entry"},"_links":{"self":[{"href":"https:\/\/ardwoodcreations.fr\/en\/wp-json\/wp\/v2\/product\/1160","targetHints":{"allow":["GET"]}}],"collection":[{"href":"https:\/\/ardwoodcreations.fr\/en\/wp-json\/wp\/v2\/product"}],"about":[{"href":"https:\/\/ardwoodcreations.fr\/en\/wp-json\/wp\/v2\/types\/product"}],"wp:featuredmedia":[{"embeddable":true,"href":"https:\/\/ardwoodcreations.fr\/en\/wp-json\/wp\/v2\/media\/1161"}],"wp:attachment":[{"href":"https:\/\/ardwoodcreations.fr\/en\/wp-json\/wp\/v2\/media?parent=1160"}],"wp:term":[{"taxonomy":"product_brand","embeddable":true,"href":"https:\/\/ardwoodcreations.fr\/en\/wp-json\/wp\/v2\/product_brand?post=1160"},{"taxonomy":"product_cat","embeddable":true,"href":"https:\/\/ardwoodcreations.fr\/en\/wp-json\/wp\/v2\/product_cat?post=1160"},{"taxonomy":"product_tag","embeddable":true,"href":"https:\/\/ardwoodcreations.fr\/en\/wp-json\/wp\/v2\/product_tag?post=1160"}],"curies":[{"name":"wp","href":"https:\/\/api.w.org\/{rel}","templated":true}]}}