{"id":1042,"date":"2025-06-08T11:03:17","date_gmt":"2025-06-08T09:03:17","guid":{"rendered":"https:\/\/ardwoodcreations.fr\/?post_type=product&#038;p=1042"},"modified":"2026-02-02T12:38:23","modified_gmt":"2026-02-02T11:38:23","slug":"stylo-bille-java-chaotique","status":"publish","type":"product","link":"https:\/\/ardwoodcreations.fr\/en\/product\/stylo-bille-java-chaotique\/","title":{"rendered":"stylo bille Java chaotique"},"content":{"rendered":"<p>stylo bille Java chaotique<\/p>\n<p>r\u00e9alis\u00e9 \u00e0 partir de nombreuses essences de bois, vous pouvez regarder la vid\u00e9o du collage et du tournage de ces stylos sur ma cha\u00eene Youtube <a href=\"https:\/\/www.youtube.com\/watch?v=whW6b4sqa3I\" target=\"_blank\" rel=\"noopener\">ici<\/a><\/p>\n<p>m\u00e9canisme quart-tournant Java 10,75mm made in Ta\u00efwan (= tr\u00e8s bonne qualit\u00e9).<\/p>\n<p>type de recharge : Parker<\/p>\n<p>finition gomme laque + huile.<\/p>\n<p>frais de port offerts pour la France M\u00e9tropolitaine.<\/p>","protected":false},"excerpt":{"rendered":"<p>stylo bille Java chaotique<\/p>\n<p>r\u00e9alis\u00e9 \u00e0 partir de nombreuses essences de bois<\/p>","protected":false},"featured_media":1063,"template":"","meta":{"_kad_post_transparent":"default","_kad_post_title":"","_kad_post_layout":"default","_kad_post_sidebar_id":"","_kad_post_content_style":"default","_kad_post_vertical_padding":"default","_kad_post_feature":"","_kad_post_feature_position":"","_kad_post_header":false,"_kad_post_footer":false,"_kad_post_classname":""},"product_brand":[],"product_cat":[23],"product_tag":[],"class_list":{"0":"post-1042","1":"product","2":"type-product","3":"status-publish","4":"has-post-thumbnail","6":"product_cat-stylo","8":"first","9":"outofstock","10":"sale","11":"shipping-taxable","12":"purchasable","13":"product-type-simple","14":"entry","15":"content-bg","16":"loop-entry"},"_links":{"self":[{"href":"https:\/\/ardwoodcreations.fr\/en\/wp-json\/wp\/v2\/product\/1042","targetHints":{"allow":["GET"]}}],"collection":[{"href":"https:\/\/ardwoodcreations.fr\/en\/wp-json\/wp\/v2\/product"}],"about":[{"href":"https:\/\/ardwoodcreations.fr\/en\/wp-json\/wp\/v2\/types\/product"}],"wp:featuredmedia":[{"embeddable":true,"href":"https:\/\/ardwoodcreations.fr\/en\/wp-json\/wp\/v2\/media\/1063"}],"wp:attachment":[{"href":"https:\/\/ardwoodcreations.fr\/en\/wp-json\/wp\/v2\/media?parent=1042"}],"wp:term":[{"taxonomy":"product_brand","embeddable":true,"href":"https:\/\/ardwoodcreations.fr\/en\/wp-json\/wp\/v2\/product_brand?post=1042"},{"taxonomy":"product_cat","embeddable":true,"href":"https:\/\/ardwoodcreations.fr\/en\/wp-json\/wp\/v2\/product_cat?post=1042"},{"taxonomy":"product_tag","embeddable":true,"href":"https:\/\/ardwoodcreations.fr\/en\/wp-json\/wp\/v2\/product_tag?post=1042"}],"curies":[{"name":"wp","href":"https:\/\/api.w.org\/{rel}","templated":true}]}}