{"id":1038,"date":"2025-06-08T10:32:51","date_gmt":"2025-06-08T08:32:51","guid":{"rendered":"https:\/\/ardwoodcreations.fr\/?post_type=product&#038;p=1038"},"modified":"2025-09-21T09:50:58","modified_gmt":"2025-09-21T07:50:58","slug":"stylo-bille-7mm-chaotique-a","status":"publish","type":"product","link":"https:\/\/ardwoodcreations.fr\/en\/product\/stylo-bille-7mm-chaotique-a\/","title":{"rendered":"stylo bille 7mm chaotique A"},"content":{"rendered":"<p>stylo bille 7mm chaotique A<\/p>\n<p>r\u00e9alis\u00e9 \u00e0 partir de nombreuses essences de bois, vous pouvez regarder la vid\u00e9o du collage et du tournage de ces stylos sur ma cha\u00eene Youtube <a href=\"https:\/\/www.youtube.com\/watch?v=whW6b4sqa3I\" target=\"_blank\" rel=\"noopener\">ici<\/a><\/p>\n<p>m\u00e9canisme quart-tournant slimline 7mm made in Ta\u00efwan (= de tr\u00e8s bonne qualit\u00e9).<\/p>\n<p>type de recharge : cross<\/p>\n<p>finition gomme laque + huile.<\/p>\n<p>frais de port offerts pour la France M\u00e9tropolitaine.<\/p>","protected":false},"excerpt":{"rendered":"<p>stylo bille 7mm chaotique A<\/p>\n<p>r\u00e9alis\u00e9 \u00e0 partir de nombreuses essences de bois<\/p>","protected":false},"featured_media":1043,"template":"","meta":{"_kad_post_transparent":"default","_kad_post_title":"","_kad_post_layout":"default","_kad_post_sidebar_id":"","_kad_post_content_style":"default","_kad_post_vertical_padding":"default","_kad_post_feature":"","_kad_post_feature_position":"","_kad_post_header":false,"_kad_post_footer":false,"_kad_post_classname":""},"product_brand":[],"product_cat":[23],"product_tag":[],"class_list":{"0":"post-1038","1":"product","2":"type-product","3":"status-publish","4":"has-post-thumbnail","6":"product_cat-stylo","8":"first","9":"instock","10":"sale","11":"shipping-taxable","12":"purchasable","13":"product-type-simple","14":"entry","15":"content-bg","16":"loop-entry"},"_links":{"self":[{"href":"https:\/\/ardwoodcreations.fr\/en\/wp-json\/wp\/v2\/product\/1038","targetHints":{"allow":["GET"]}}],"collection":[{"href":"https:\/\/ardwoodcreations.fr\/en\/wp-json\/wp\/v2\/product"}],"about":[{"href":"https:\/\/ardwoodcreations.fr\/en\/wp-json\/wp\/v2\/types\/product"}],"wp:featuredmedia":[{"embeddable":true,"href":"https:\/\/ardwoodcreations.fr\/en\/wp-json\/wp\/v2\/media\/1043"}],"wp:attachment":[{"href":"https:\/\/ardwoodcreations.fr\/en\/wp-json\/wp\/v2\/media?parent=1038"}],"wp:term":[{"taxonomy":"product_brand","embeddable":true,"href":"https:\/\/ardwoodcreations.fr\/en\/wp-json\/wp\/v2\/product_brand?post=1038"},{"taxonomy":"product_cat","embeddable":true,"href":"https:\/\/ardwoodcreations.fr\/en\/wp-json\/wp\/v2\/product_cat?post=1038"},{"taxonomy":"product_tag","embeddable":true,"href":"https:\/\/ardwoodcreations.fr\/en\/wp-json\/wp\/v2\/product_tag?post=1038"}],"curies":[{"name":"wp","href":"https:\/\/api.w.org\/{rel}","templated":true}]}}