{"id":8,"date":"2021-08-13T14:32:33","date_gmt":"2021-08-13T12:32:33","guid":{"rendered":"https:\/\/ardwoodcreations.fr\/?page_id=8"},"modified":"2023-07-14T12:34:46","modified_gmt":"2023-07-14T10:34:46","slug":"a-propos","status":"publish","type":"page","link":"https:\/\/ardwoodcreations.fr\/en\/a-propos\/","title":{"rendered":"About Me"},"content":{"rendered":"<style>#kt-layout-id_a5b8a9-28 > .kt-row-column-wrap{align-content:center;}:where(#kt-layout-id_a5b8a9-28 > .kt-row-column-wrap) > .wp-block-kadence-column{justify-content:center;}#kt-layout-id_a5b8a9-28 > .kt-row-column-wrap{column-gap:var(--global-kb-gap-lg, 4rem);row-gap:var(--global-kb-gap-md, 2rem);padding-top:var( --global-kb-row-default-top, 25px );padding-bottom:var( --global-kb-row-default-bottom, 25px );padding-top:0px;padding-bottom:0px;grid-template-columns:repeat(2, minmax(0, 1fr));}#kt-layout-id_a5b8a9-28 > .kt-row-layout-overlay{opacity:0.30;}@media all and (max-width: 1024px){#kt-layout-id_a5b8a9-28 > .kt-row-column-wrap{grid-template-columns:repeat(2, minmax(0, 1fr));}}@media all and (max-width: 767px){#kt-layout-id_a5b8a9-28 > .kt-row-column-wrap{grid-template-columns:minmax(0, 1fr);}}<\/style>\n<div class=\"wp-block-kadence-rowlayout alignnone\"><div id=\"kt-layout-id_a5b8a9-28\" class=\"kt-row-layout-inner kt-layout-id_a5b8a9-28\"><div class=\"kt-row-column-wrap kt-has-2-columns kt-gutter-wider kt-v-gutter-default kt-row-valign-middle kt-row-layout-equal kt-tab-layout-inherit kt-m-colapse-left-to-right kt-mobile-layout-row\"><style>.kadence-column_7230c7-1d > .kt-inside-inner-col{border-top-width:0px;border-right-width:0px;border-bottom-width:0px;border-left-width:0px;}.kadence-column_7230c7-1d > .kt-inside-inner-col,.kadence-column_7230c7-1d > .kt-inside-inner-col:before{border-top-left-radius:0px;border-top-right-radius:0px;border-bottom-right-radius:0px;border-bottom-left-radius:0px;}.kadence-column_7230c7-1d > .kt-inside-inner-col{column-gap:var(--global-kb-gap-sm, 1rem);}.kadence-column_7230c7-1d > .kt-inside-inner-col{flex-direction:column;}.kadence-column_7230c7-1d > .kt-inside-inner-col > .aligncenter{width:100%;}.kadence-column_7230c7-1d > .kt-inside-inner-col:before{opacity:0.3;}.kadence-column_7230c7-1d{position:relative;}@media all and (max-width: 1024px){.kadence-column_7230c7-1d > .kt-inside-inner-col{flex-direction:column;justify-content:center;}}@media all and (max-width: 767px){.kadence-column_7230c7-1d > .kt-inside-inner-col{flex-direction:column;justify-content:center;}}<\/style>\n<div class=\"wp-block-kadence-column inner-column-1 kadence-column_7230c7-1d\"><div class=\"kt-inside-inner-col\">\n<figure class=\"wp-block-image size-full is-resized\"><img loading=\"lazy\" decoding=\"async\" src=\"https:\/\/ardwoodcreations.fr\/wp-content\/uploads\/2021\/08\/baniere-ardwood-1.jpg\" alt=\"\" class=\"wp-image-157\" width=\"533\" height=\"531\" srcset=\"https:\/\/ardwoodcreations.fr\/wp-content\/uploads\/2021\/08\/baniere-ardwood-1.jpg 648w, https:\/\/ardwoodcreations.fr\/wp-content\/uploads\/2021\/08\/baniere-ardwood-1-300x300.jpg 300w, https:\/\/ardwoodcreations.fr\/wp-content\/uploads\/2021\/08\/baniere-ardwood-1-100x100.jpg 100w, https:\/\/ardwoodcreations.fr\/wp-content\/uploads\/2021\/08\/baniere-ardwood-1-600x598.jpg 600w, https:\/\/ardwoodcreations.fr\/wp-content\/uploads\/2021\/08\/baniere-ardwood-1-150x150.jpg 150w\" sizes=\"auto, (max-width: 533px) 100vw, 533px\" \/><\/figure>\n<\/div><\/div>\n\n\n<style>.kadence-column_3364e8-46 > .kt-inside-inner-col{border-top-width:0px;border-right-width:0px;border-bottom-width:0px;border-left-width:0px;}.kadence-column_3364e8-46 > .kt-inside-inner-col,.kadence-column_3364e8-46 > .kt-inside-inner-col:before{border-top-left-radius:0px;border-top-right-radius:0px;border-bottom-right-radius:0px;border-bottom-left-radius:0px;}.kadence-column_3364e8-46 > .kt-inside-inner-col{column-gap:var(--global-kb-gap-sm, 1rem);}.kadence-column_3364e8-46 > .kt-inside-inner-col{flex-direction:column;}.kadence-column_3364e8-46 > .kt-inside-inner-col > .aligncenter{width:100%;}.kadence-column_3364e8-46 > .kt-inside-inner-col:before{opacity:0.3;}.kadence-column_3364e8-46{position:relative;}@media all and (max-width: 1024px){.kadence-column_3364e8-46 > .kt-inside-inner-col{flex-direction:column;justify-content:center;}}@media all and (max-width: 767px){.kadence-column_3364e8-46 > .kt-inside-inner-col{flex-direction:column;justify-content:center;}}<\/style>\n<div class=\"wp-block-kadence-column inner-column-2 kadence-column_3364e8-46\"><div class=\"kt-inside-inner-col\">\n<h2 class=\"wp-block-heading\">Goodday, I am Mickael Thierart<\/h2>\n\n\n\n<h5 class=\"wp-block-heading\">Arwood Creations is small business established in June 2021, located in the North-East of France, in Saint-Germainmont (08190)<\/h5>\n\n\n\n<p>I have been woodworking for 10 years. When I started, my goal was to make unique solid wood pieces to replace those melamine kit furniture. Along the way, I have made detours through guitar building and sculpting but woodturning remains the happiest of them all. <\/p>\n\n\n\n<p>Now that I teach part-time, I can spend more time in the workshop to hopefully live from my craft within 3 years. I am selftaught and I would define my style as traditional, influenced by the greatest 20th century woodworker like Gustav Stickley, Greene and Greene, Sam Maloof, George Nakashima... and by the most famous woodturners like David Ellsworth, Ray Allen, Malcolm Tibbets, Pascal Oudet...<\/p>\n<\/div><\/div>\n<\/div><\/div><\/div>\n\n\n\n<p><\/p>","protected":false},"excerpt":{"rendered":"<p>Bonjour, je suis Micka\u00ebl Thi\u00e9rart. Ardwood Creations est une micro-entreprise cr\u00e9\u00e9e en juin 2021 et bas\u00e9e dans les Ardennes \u00e0 Saint-Germainmont (08190). Je travaille le bois depuis 10 ans. En amateur, l&rsquo;optique \u00e9tait de remplacer les \u00ab\u00a0meubles\u00a0\u00bb en m\u00e9lamin\u00e9 par des pi\u00e8ces uniques en bois massif. Sur le chemin, j&rsquo;ai fait des d\u00e9tours par la&#8230;<\/p>","protected":false},"author":1,"featured_media":0,"parent":0,"menu_order":0,"comment_status":"closed","ping_status":"closed","template":"","meta":{"_kad_post_transparent":"","_kad_post_title":"","_kad_post_layout":"","_kad_post_sidebar_id":"","_kad_post_content_style":"","_kad_post_vertical_padding":"","_kad_post_feature":"","_kad_post_feature_position":"","_kad_post_header":false,"_kad_post_footer":false,"_kad_post_classname":"","footnotes":""},"class_list":["post-8","page","type-page","status-publish","hentry"],"_links":{"self":[{"href":"https:\/\/ardwoodcreations.fr\/en\/wp-json\/wp\/v2\/pages\/8","targetHints":{"allow":["GET"]}}],"collection":[{"href":"https:\/\/ardwoodcreations.fr\/en\/wp-json\/wp\/v2\/pages"}],"about":[{"href":"https:\/\/ardwoodcreations.fr\/en\/wp-json\/wp\/v2\/types\/page"}],"author":[{"embeddable":true,"href":"https:\/\/ardwoodcreations.fr\/en\/wp-json\/wp\/v2\/users\/1"}],"replies":[{"embeddable":true,"href":"https:\/\/ardwoodcreations.fr\/en\/wp-json\/wp\/v2\/comments?post=8"}],"version-history":[{"count":6,"href":"https:\/\/ardwoodcreations.fr\/en\/wp-json\/wp\/v2\/pages\/8\/revisions"}],"predecessor-version":[{"id":226,"href":"https:\/\/ardwoodcreations.fr\/en\/wp-json\/wp\/v2\/pages\/8\/revisions\/226"}],"wp:attachment":[{"href":"https:\/\/ardwoodcreations.fr\/en\/wp-json\/wp\/v2\/media?parent=8"}],"curies":[{"name":"wp","href":"https:\/\/api.w.org\/{rel}","templated":true}]}}