{"id":13,"date":"2021-08-13T14:35:02","date_gmt":"2021-08-13T12:35:02","guid":{"rendered":"https:\/\/ardwoodcreations.fr\/?page_id=13"},"modified":"2022-08-11T11:36:37","modified_gmt":"2022-08-11T09:36:37","slug":"mentions-legales","status":"publish","type":"page","link":"https:\/\/ardwoodcreations.fr\/en\/mentions-legales\/","title":{"rendered":"legal notice"},"content":{"rendered":"<ul class=\"wp-block-list\"><li>Ardwood Creations (micro-entreprise)<\/li><li>Siren : 900 580 382<\/li><li>Micka\u00ebl Thi\u00e9rart (EI)<\/li><li>12 rue du Mar\u00e9chal Leclerc 08190 Saint-Germainmont, France<\/li><li>contact@ardwoodcreations.fr<\/li><li>06 27 54 09 04<\/li><\/ul>\n\n\n\n<ul class=\"wp-block-list\"><li>h\u00e9bergement sur Hostinger.fr<\/li><li>HOSTINGER, UAB<\/li><li>Rue Jonavos 60C, Kaunas 44192 Lituanie<\/li><li>T\u00e9l\u00e9phone : <a href=\"tel:+37064503378\">+37064503378<\/a><\/li><li>E-mail : <a href=\"mailto:domains@hostinger.com\">domains@hostinger.com<\/a><\/li><\/ul>\n\n\n\n<p><\/p>","protected":false},"excerpt":{"rendered":"<p>Ardwood Creations (micro-entreprise) Siren : 900 580 382 Micka\u00ebl Thi\u00e9rart (EI) 12 rue du Mar\u00e9chal Leclerc 08190 Saint-Germainmont, France contact@ardwoodcreations.fr 06 27 54 09 04 h\u00e9bergement sur Hostinger.fr HOSTINGER, UAB Rue Jonavos 60C, Kaunas 44192 Lituanie T\u00e9l\u00e9phone : +37064503378 E-mail : domains@hostinger.com<\/p>","protected":false},"author":1,"featured_media":0,"parent":0,"menu_order":0,"comment_status":"closed","ping_status":"closed","template":"","meta":{"_kad_post_transparent":"","_kad_post_title":"","_kad_post_layout":"","_kad_post_sidebar_id":"","_kad_post_content_style":"","_kad_post_vertical_padding":"","_kad_post_feature":"","_kad_post_feature_position":"","_kad_post_header":false,"_kad_post_footer":false,"_kad_post_classname":"","footnotes":""},"class_list":["post-13","page","type-page","status-publish","hentry"],"_links":{"self":[{"href":"https:\/\/ardwoodcreations.fr\/en\/wp-json\/wp\/v2\/pages\/13","targetHints":{"allow":["GET"]}}],"collection":[{"href":"https:\/\/ardwoodcreations.fr\/en\/wp-json\/wp\/v2\/pages"}],"about":[{"href":"https:\/\/ardwoodcreations.fr\/en\/wp-json\/wp\/v2\/types\/page"}],"author":[{"embeddable":true,"href":"https:\/\/ardwoodcreations.fr\/en\/wp-json\/wp\/v2\/users\/1"}],"replies":[{"embeddable":true,"href":"https:\/\/ardwoodcreations.fr\/en\/wp-json\/wp\/v2\/comments?post=13"}],"version-history":[{"count":2,"href":"https:\/\/ardwoodcreations.fr\/en\/wp-json\/wp\/v2\/pages\/13\/revisions"}],"predecessor-version":[{"id":531,"href":"https:\/\/ardwoodcreations.fr\/en\/wp-json\/wp\/v2\/pages\/13\/revisions\/531"}],"wp:attachment":[{"href":"https:\/\/ardwoodcreations.fr\/en\/wp-json\/wp\/v2\/media?parent=13"}],"curies":[{"name":"wp","href":"https:\/\/api.w.org\/{rel}","templated":true}]}}